{"id":126,"date":"2013-02-07T16:22:00","date_gmt":"2013-02-07T15:22:00","guid":{"rendered":"http:\/\/www.ville-naves.fr\/?page_id=126"},"modified":"2013-02-07T19:15:32","modified_gmt":"2013-02-07T18:15:32","slug":"le-club-de-petanque","status":"publish","type":"page","link":"http:\/\/ville-naves.fr\/?page_id=126","title":{"rendered":"P\u00e9tanq&rsquo;Club"},"content":{"rendered":"<p align=\"JUSTIFY\"><span style=\"font-size: small;\">Encore de beaux r\u00e9sultats<\/span><\/p>\n<p align=\"JUSTIFY\"><span style=\"font-size: small;\"><span style=\"text-decoration: underline;\">Championnat de France Doublettes \u00e0 Gu\u00e9ret<\/span><\/span><\/p>\n<p align=\"JUSTIFY\"><span style=\"font-size: small;\">Nos champions du Tarn, Olivier Coub\u00e8s-J\u00e9r\u00f4me Vayssettes, ont particip\u00e9 \u00e0 ce championnat les 23 et 24 juin. Dans un cadre magnifique, ils se sont impos\u00e9s face aux champions des Pyr\u00e9n\u00e9es-Atlantiques et face aux champions de ligue Bretagne \u00e0 11 chaque fois\u00a0; le lendemain, dans les carr\u00e9s d&rsquo;honneur bord\u00e9s par des tribunes pleines \u00e0 craquer\u00a0; ils perdent \u00e0 7 contre les champions de la ligue Auvergne.<\/span><\/p>\n<p align=\"JUSTIFY\"><span style=\"font-size: small;\"><span style=\"text-decoration: underline;\">Championnat Midi-Pyr\u00e9n\u00e9es \u00e0 Tarbes les 1<sup>er<\/sup> et 2 septembre<\/span><\/span><\/p>\n<p align=\"JUSTIFY\"><span style=\"font-size: small;\">&#8211; en doublettes, Olivier-J\u00e9r\u00f4me se font battre en quart de finale<\/span><\/p>\n<p align=\"JUSTIFY\"><span style=\"font-size: small;\">&#8211; en triplettes v\u00e9t\u00e9rans\u00a0: Daniel Cabirol, G\u00e9rard Briol, Pierre Balester, finalistes du Tarn, n&rsquo;ont pas jou\u00e9 puisque Pierre \u00e9tait hospitalis\u00e9.<\/span><\/p>\n<p align=\"JUSTIFY\"><span style=\"font-size: small;\"><span style=\"text-decoration: underline;\">Inter-D\u00e9partemental \u00e0 Lacrouzette le 30 septembre<\/span><\/span><\/p>\n<p align=\"JUSTIFY\"><span style=\"font-size: small;\">Nos deux \u00e9quipes triplettes mixtes, demi-finalistes du Tarn \u00e0 Cuq-Toulza, ne sont pas sorties des poules\u00a0; il s&rsquo;agissait de\u00a0:<\/span><\/p>\n<p align=\"JUSTIFY\"><span style=\"font-size: small;\">&#8211; Myriam Teste-Vincent Vitalone-Olivier Coub\u00e8s<\/span><\/p>\n<p align=\"JUSTIFY\"><span style=\"font-size: small;\">&#8211; Odile Besombes-Daniel Cabirol-Beno\u00eet Puginier.<\/span><\/p>\n<p align=\"JUSTIFY\"><span style=\"font-size: small;\">L&rsquo;\u00e9quipe cadets Quentin Lugan-Thomas Cassagnaud perd en poule.<\/span><\/p>\n<p align=\"JUSTIFY\">\n<p><span style=\"font-size: small;\"><span style=\"text-decoration: underline;\">Championnat de France Militaire par \u00e9quipe de clubs<\/span><\/span><\/p>\n<p align=\"JUSTIFY\"><span style=\"font-size: small;\">Deux \u00e9l\u00e9ments de notre soci\u00e9t\u00e9 (Olivier Coub\u00e8s-Jean-Paul Paloc) associ\u00e9s \u00e0 quatre licenci\u00e9s de La Bouriatte Castres dont une f\u00e9minine obligatoire, sont devenus vice-champions de France puisque battus \u00e0 Thionville les 9 et 10 juin par l&rsquo;\u00e9quipe de l&rsquo;Ecole Militaire de Paris. Auparavant, ils avaient gagn\u00e9 contre Draguignan, Nice, Clermont-Ferrand.<\/span><\/p>\n<p align=\"JUSTIFY\">\n<p><span style=\"font-size: small;\"><span style=\"text-decoration: underline;\">Troph\u00e9es des Villes \u00e0 Montauban les 26-27 et 28 octobre 2012<\/span><\/span><\/p>\n<p align=\"JUSTIFY\"><span style=\"font-size: small;\">Cette comp\u00e9tition est r\u00e9serv\u00e9e \u00e0 32 villes fran\u00e7aises. Les \u00e9quipes de quatre joueurs (dont un de moins de 22 ans) regroupent de tr\u00e8s nombreux licenci\u00e9s dits \u00ab\u00a0Elite\u00a0\u00bb Notre club \u00e9tait repr\u00e9sent\u00e9 par deux licenci\u00e9s (nos champions doublettes) associ\u00e9s \u00e0 deux joueurs de la Boule d&rsquo;Or Gaillac. Malgr\u00e9 quelques supporters de Nav\u00e8s, ils ont perdu en poule, puis en consolante contre la ville de P\u00e9rigueux \u00e0 11. Ils repr\u00e9sentaient Castres.<\/span><\/p>\n<p align=\"JUSTIFY\">\n<p><span style=\"font-size: small;\"><span style=\"text-decoration: underline;\">Coupe de France<\/span><\/span><\/p>\n<p align=\"JUSTIFY\"><span style=\"font-size: small;\">Notre club faisait partie des quatre soci\u00e9t\u00e9s tarnaises pour poursuivre cette aventure. C&rsquo;est le club du Fousseret, dans le 31, qui nous accueille le 7 octobre. Nav\u00e8s l&#8217;emportera difficilement 18-13. Au deuxi\u00e8me tour r\u00e9gional, nous recevons le club de Lalanne-Arqu\u00e9 (32) dans le boulodrome d&rsquo;Aussillon, le 11 novembre\u00a0; une centaine de supporters ce jour-l\u00e0. Apr\u00e8s de longues parties d&rsquo;un tr\u00e8s haut niveau, Nav\u00e8s s&rsquo;inclinait de justesse sur le score de 14-17.<\/span><\/p>\n<p align=\"JUSTIFY\">\n<p><span style=\"font-size: small;\"><span style=\"text-decoration: underline;\">Championnat des clubs \u00e0 Gaillac le 25 novembre<\/span><\/span><\/p>\n<p align=\"JUSTIFY\"><span style=\"font-size: small;\">Nav\u00e8s \u00e9tait le seul club \u00e0 pr\u00e9senter deux \u00e9quipes , la premi\u00e8re division gagne en demi-finale contre Labourriatte-Castres 22 \u00e0 8 et perd en finale contre Saint-Sulpice 16 \u00e0 20\u00a0; malgr\u00e9 cette d\u00e9faite, l&rsquo;\u00e9quipe jouera en 2013 en deuxi\u00e8me division r\u00e9gionale. Elle \u00e9tait compos\u00e9e de O. Coub\u00e8s, J. Vayssettes, P. Lugan, S. Bret, D. Rivet, V. Vitalone, R. Ruiz, P. Bousquet, avec comme coach E. Birb\u00e8s. La deuxi\u00e8me division est devenue championne du Tarn\u00a0; demi-finale gagn\u00e9e contre le Parc Albi (22 \u00e0 8) et donc finale gagn\u00e9e (30-6) contre Busque\u00a0; compos\u00e9e de D. Cabirol, B. Puginier, G. Briol, N. Dacosta, JP. Paloc, M. Ouch\u00e8ne et P. Balester (coach).<\/span><\/p>\n<p align=\"JUSTIFY\">\n<p><span style=\"font-size: small;\">Elle \u00e9voluera en premi\u00e8re division en 2013.<\/span><\/p>\n<p align=\"JUSTIFY\"><span style=\"font-size: small;\">Le 2 juin aura lieu un qualificatif en triplettes mixtes.<\/span><\/p>\n<p align=\"JUSTIFY\"><span style=\"font-size: small;\">Un grand bravo \u00e0 tous les joueurs, joueuses qui font de Nav\u00e8s un des meilleurs clubs du Tarn.<\/span><\/p>\n<p align=\"JUSTIFY\">\n<p><span style=\"font-size: x-small;\"><em>Le pr\u00e9sident,<\/em><\/span><\/p>\n<p align=\"JUSTIFY\"><span style=\"font-size: x-small;\"><em>Serge Besombes<\/em><\/span><\/p>\n<!-- wpsso rrssb get buttons: buttons on archive option not enabled -->\n","protected":false},"excerpt":{"rendered":"<p>Encore de beaux r\u00e9sultats Championnat de France Doublettes \u00e0 Gu\u00e9ret Nos champions du Tarn, Olivier Coub\u00e8s-J\u00e9r\u00f4me Vayssettes, ont particip\u00e9 \u00e0 ce championnat les 23 et 24 juin. Dans un cadre magnifique, ils se sont impos\u00e9s face aux champions des Pyr\u00e9n\u00e9es-Atlantiques et face aux champions de ligue Bretagne \u00e0 11 chaque fois\u00a0; le lendemain, dans les [&hellip;]<\/p>\n","protected":false},"author":3,"featured_media":0,"parent":0,"menu_order":0,"comment_status":"closed","ping_status":"open","template":"","meta":{"footnotes":""},"class_list":["post-126","page","type-page","status-publish","hentry"],"_links":{"self":[{"href":"http:\/\/ville-naves.fr\/index.php?rest_route=\/wp\/v2\/pages\/126","targetHints":{"allow":["GET"]}}],"collection":[{"href":"http:\/\/ville-naves.fr\/index.php?rest_route=\/wp\/v2\/pages"}],"about":[{"href":"http:\/\/ville-naves.fr\/index.php?rest_route=\/wp\/v2\/types\/page"}],"author":[{"embeddable":true,"href":"http:\/\/ville-naves.fr\/index.php?rest_route=\/wp\/v2\/users\/3"}],"replies":[{"embeddable":true,"href":"http:\/\/ville-naves.fr\/index.php?rest_route=%2Fwp%2Fv2%2Fcomments&post=126"}],"version-history":[{"count":5,"href":"http:\/\/ville-naves.fr\/index.php?rest_route=\/wp\/v2\/pages\/126\/revisions"}],"predecessor-version":[{"id":1617,"href":"http:\/\/ville-naves.fr\/index.php?rest_route=\/wp\/v2\/pages\/126\/revisions\/1617"}],"wp:attachment":[{"href":"http:\/\/ville-naves.fr\/index.php?rest_route=%2Fwp%2Fv2%2Fmedia&parent=126"}],"curies":[{"name":"wp","href":"https:\/\/api.w.org\/{rel}","templated":true}]}}