{"id":128,"date":"2020-05-31T18:43:25","date_gmt":"2020-05-31T17:43:25","guid":{"rendered":"http:\/\/www.ville-naves.fr\/?page_id=128"},"modified":"2020-07-19T18:17:57","modified_gmt":"2020-07-19T17:17:57","slug":"associations","status":"publish","type":"page","link":"http:\/\/ville-naves.fr\/?page_id=128","title":{"rendered":"Conseil Municipal"},"content":{"rendered":"<table border=\"0\" width=\"593\" cellspacing=\"0\" cellpadding=\"0\">\n<tbody>\n<tr>\n<td class=\"Style2\" width=\"593\">\n<div><span style=\"font-size: medium;\"><strong>Composition du conseil municipal<\/strong><\/span><\/div>\n<\/td>\n<\/tr>\n<tr>\n<td>\n<table border=\"3\" width=\"89%\" align=\"center\">\n<tbody>\n<tr bgcolor=\"#ccffcc\">\n<td width=\"51%\">\n<div><strong><span style=\"font-family: Arial,Helvetica,sans-serif;\">Maire<\/span><\/strong><\/div>\n<\/td>\n<td><strong>CALMELS Pierre<\/strong><\/td>\n<\/tr>\n<tr bgcolor=\"#ccffcc\">\n<td>\n<div><strong><span style=\"font-family: Arial,Helvetica,sans-serif;\">1er Adjoint<\/span><\/strong><\/div>\n<\/td>\n<td><strong>SICARD Gilles<\/strong><\/td>\n<\/tr>\n<tr bgcolor=\"#ccffcc\">\n<td>\n<div><strong><span style=\"font-family: Arial,Helvetica,sans-serif;\">2\u00e8me Adjoint<\/span><\/strong><\/div>\n<\/td>\n<td>\n<div><strong>CANREDON Val\u00e9ry<\/strong><\/div>\n<\/td>\n<\/tr>\n<tr bgcolor=\"#ccffcc\">\n<td>\n<div><strong><span style=\"font-family: Arial,Helvetica,sans-serif;\">3\u00e8me Adjoint<\/span><\/strong><\/div>\n<\/td>\n<td><strong>DELESALLE Antoine<br \/>\n<\/strong><\/td>\n<\/tr>\n<tr bgcolor=\"#ccffcc\">\n<td>\n<div><strong>Conseillers<\/strong><\/div>\n<\/td>\n<td>\n<div><span style=\"font-family: Arial,Helvetica,sans-serif;\"><strong>BARBARA Guillaume<\/strong><\/span><\/div>\n<div><span style=\"font-family: Arial,Helvetica,sans-serif;\"><strong>COSENZA Catherine<\/strong><\/span><\/div>\n<div><span style=\"font-family: Arial,Helvetica,sans-serif;\"><strong>COURTOIS Michel<\/strong><\/span><\/div>\n<div><span style=\"font-family: Arial,Helvetica,sans-serif;\"><strong>COUSINIE Audrey<\/strong><\/span><\/div>\n<div><span style=\"font-family: Arial,Helvetica,sans-serif;\"><strong>DENJEAN Nathalie<\/strong><\/span><\/div>\n<div><span style=\"font-family: Arial,Helvetica,sans-serif;\"><strong>DO Julien<\/strong><\/span><\/div>\n<div><span style=\"font-family: Arial,Helvetica,sans-serif;\"><strong>GUIBAUD V\u00e9ronique<\/strong><\/span><\/div>\n<div><span style=\"font-family: Arial,Helvetica,sans-serif;\"><strong>HOLMIERE Laetitia<\/strong><\/span><\/div>\n<div><span style=\"font-family: Arial,Helvetica,sans-serif;\"><strong>PONT Isabelle<\/strong><\/span><\/div>\n<div><span style=\"font-family: Arial,Helvetica,sans-serif;\"><strong>POULAIN Mathieu<\/strong><\/span><\/div>\n<div><span style=\"font-family: Arial,Helvetica,sans-serif;\"><strong>STREHAIANO Bernard<\/strong><\/span><\/div>\n<\/td>\n<\/tr>\n<\/tbody>\n<\/table>\n<\/td>\n<\/tr>\n<\/tbody>\n<\/table>\n<p><strong>\u00a0<\/strong><\/p>\n<p><span style=\"font-size: medium;\"><strong>Commissions<br \/>\n(Responsables, <em>suppl\u00e9ants<\/em>)<\/strong><\/span><\/p>\n<table border=\"0\" width=\"593\" cellspacing=\"0\" cellpadding=\"0\">\n<tbody>\n<tr>\n<td>\n<div>\n<table style=\"height: 1140px;\" border=\"0\" width=\"709\" cellspacing=\"0\" cellpadding=\"0\">\n<tbody>\n<tr align=\"center\" valign=\"middle\" bgcolor=\"#ffff99\">\n<td width=\"25%\" height=\"49\">\n<p align=\"center\"><strong>COMMISSIONS <\/strong><\/p>\n<\/td>\n<td width=\"20%\">\n<p align=\"center\"><strong>RESPONSABLE <\/strong><\/p>\n<\/td>\n<td width=\"25%\">\n<p align=\"center\"><strong>SUPPLEANTS <\/strong><\/p>\n<\/td>\n<td width=\"30%\">\n<p align=\"center\"><strong>MEMBRES <\/strong><\/p>\n<\/td>\n<\/tr>\n<tr>\n<td valign=\"middle\" bgcolor=\"#ccccff\" width=\"25%\" height=\"5\"><strong>Finances <\/strong><\/td>\n<td width=\"20%\" height=\"5\">\n<p style=\"text-align: center;\" align=\"center\">CALMELS Pierre<\/p>\n<\/td>\n<td width=\"25%\" height=\"5\">\n<p style=\"text-align: center;\">CANREDON Val\u00e9ry<\/p>\n<p style=\"text-align: center;\">DELESALLE Antoine<\/p>\n<\/td>\n<td width=\"30%\" height=\"5\">\n<div>COSENZA Catherine<\/div>\n<div>COUSINIE Audrey<\/div>\n<div>DENJEAN Nathalie<\/div>\n<div>HOLMIERE Laetitia<\/div>\n<div>SICARD Gilles<\/div>\n<\/td>\n<\/tr>\n<tr>\n<td valign=\"middle\" bgcolor=\"#ccccff\" width=\"25%\"><strong>Travaux Communaux, Voirie,\u00a0 Assainissements, Urbanisme, Patrimoine, Cimeti\u00e8re, Adjudication, Appel d&rsquo;offres, service public <\/strong><\/td>\n<td align=\"center\" valign=\"middle\" width=\"20%\">\n<p align=\"center\">CALMELS Pierre<\/p>\n<\/td>\n<td align=\"center\" valign=\"middle\" width=\"25%\">\n<p align=\"center\">DELESALLE Antoine<\/p>\n<p align=\"center\">SICARD Gilles<\/p>\n<\/td>\n<td style=\"text-align: left;\" valign=\"middle\" width=\"30%\">\n<div>CANREDON Valery<\/div>\n<div>COSENZA Catherine<\/div>\n<div>COURTOIS Michel<\/div>\n<div>DENJEAN Nathalie<\/div>\n<div>DO Julien<\/div>\n<div>GUIBAUD V\u00e9ronique<\/div>\n<div>POULAIN Mathieu<\/div>\n<div>STREHAIANO Bernard<\/div>\n<\/td>\n<\/tr>\n<tr>\n<td valign=\"middle\" bgcolor=\"#ccccff\" width=\"25%\"><strong>Culture, Communication, Jeunesse, Sports, Associations, Journal Communal<br \/>\n<\/strong><\/td>\n<td style=\"text-align: center;\" width=\"20%\">CALMELS Pierre<\/td>\n<td style=\"text-align: center;\" width=\"25%\">DENJEAN Nathalie<\/td>\n<td width=\"30%\">\n<div>COUSINIE Audrey<\/div>\n<div>GUIBAUD V\u00e9ronique<\/div>\n<div>HOLMIERE Laetitia<\/div>\n<div>POULAIN Mathieu<\/div>\n<\/td>\n<\/tr>\n<tr>\n<td style=\"text-align: left;\" align=\"center\" valign=\"middle\" bgcolor=\"#ccccff\" width=\"25%\"><strong>Scolaire<\/strong><\/td>\n<td width=\"20%\">\n<p align=\"center\">CALMELS Pierre<\/p>\n<\/td>\n<td width=\"25%\">\n<p align=\"center\">DENJEAN Nathalie<\/p>\n<p align=\"center\">PONT Isabelle<\/p>\n<\/td>\n<td width=\"30%\">\n<div>BARBARA Guillaume<\/div>\n<div>COUSINIE Audrey<\/div>\n<div>HOLMIERE Laetitia<\/div>\n<\/td>\n<\/tr>\n<tr>\n<td valign=\"middle\" bgcolor=\"#ccccff\" width=\"25%\"><strong>Action Sociale <\/strong><\/td>\n<td style=\"text-align: center;\" width=\"20%\">CALMELS Pierre<\/td>\n<td style=\"text-align: center;\" width=\"25%\">COSENZA Catherine<\/td>\n<td width=\"30%\">\n<div>COURTOIS Michel<\/div>\n<div>DENJEAN Nathalie<\/div>\n<div>GUIBAUD V\u00e9ronique<\/div>\n<div>PONT Isabelle<\/div>\n<div><\/div>\n<\/td>\n<\/tr>\n<tr>\n<td valign=\"middle\" bgcolor=\"#ccccff\" width=\"25%\"><strong>Personnel Communal<\/strong><\/td>\n<td style=\"text-align: center;\" width=\"20%\">CALMELS Pierre<\/td>\n<td style=\"text-align: center;\" width=\"25%\">\n<div>CANREDON Val\u00e9ry<\/div>\n<div>DELESALLE Antoine<\/div>\n<div>SICARD Gilles<\/div>\n<\/td>\n<td width=\"30%\"><\/td>\n<\/tr>\n<tr>\n<td style=\"text-align: left;\" align=\"center\" valign=\"middle\" bgcolor=\"#ccccff\" width=\"25%\"><strong>Agricole<\/strong><\/td>\n<td width=\"20%\">\n<p align=\"center\">CALMELS Pierre<\/p>\n<\/td>\n<td style=\"text-align: center;\" width=\"25%\">SICARD Gilles<\/td>\n<td width=\"30%\">\n<div>BARBARA Guillaume<\/div>\n<div>COURTOIS Michel<\/div>\n<\/td>\n<\/tr>\n<tr>\n<td valign=\"top\" bgcolor=\"#ccccff\" width=\"25%\"><\/td>\n<td width=\"20%\"><\/td>\n<td width=\"25%\"><\/td>\n<td width=\"30%\"><\/td>\n<\/tr>\n<tr>\n<td align=\"center\" valign=\"middle\" bgcolor=\"#ccccff\" width=\"25%\"><\/td>\n<td width=\"20%\"><\/td>\n<td width=\"25%\"><\/td>\n<td width=\"30%\"><\/td>\n<\/tr>\n<\/tbody>\n<\/table>\n<\/div>\n<\/td>\n<\/tr>\n<tr>\n<td height=\"60\">\n<div><\/div>\n<div><span style=\"font-size: medium;\"><strong>REPRESENTANTS AUX CONSEILS ET SYNDICATS TERRITORIAUX ET COMMUNAUT\u00c9S.<\/strong><br \/>\n<\/span><\/div>\n<\/td>\n<\/tr>\n<tr>\n<td bgcolor=\"#a5b8df\">\n<p class=\"Style1\"><strong><span style=\"font-family: Arial,Helvetica,sans-serif;\"><span class=\"Style2\"><span style=\"text-decoration: underline;\">Conseil Communal d&rsquo;Action Sociale (CCAS) :<\/span><\/span><\/span><\/strong><\/p>\n<p>Pr\u00e9sident : CALMELS Pierre<br \/>\nMembres : COSENZA Catherine, COURTOIS Michel, GUIBAUD V\u00e9ronique, PONT Isabelle<strong><br \/>\n<\/strong><strong><span class=\"Style2\"><br \/>\n<\/span><\/strong><span class=\"Style2\"><span style=\"text-decoration: underline;\"><strong>Association Aide \u00e0 Domicile en Milieu Rural ( ADMR ) <\/strong><\/span><\/span>:<\/p>\n<p>D\u00e9l\u00e9gu\u00e9e : COSENZA Catherine<\/p>\n<p>Suppl\u00e9ants : COURTOIS Michel, GUIBAUD V\u00e9ronique<strong><br \/>\n<\/strong><\/p>\n<p class=\"Style3\"><span style=\"text-decoration: underline;\"><strong>Communaut\u00e9 d&rsquo;Agglom\u00e9ration Castres-Mazamet ( CACM ) :<\/strong> <\/span><\/p>\n<p>D\u00e9l\u00e9gu\u00e9 : CALMELS Pierre<\/p>\n<p>Suppl\u00e9ant : SICARD Gilles<\/p>\n<p><span style=\"text-decoration: underline;\"><strong>Commission Locale d&rsquo;Evaluation des Transferts de Charges \u00e0 la CACM :<\/strong><\/span><\/p>\n<p>D\u00e9l\u00e9gu\u00e9 : CALMELS Pierre<\/p>\n<p>Suppl\u00e9ant : DELESALLE Antoine<\/p>\n<p class=\"Style2\"><span style=\"font-family: Arial,Helvetica,sans-serif;\"><span style=\"text-decoration: underline;\"><strong>Syndicat D\u00e9partemental d&rsquo;\u00e9lectrification rurale du Tarn (SDET) :<br \/>\n<\/strong><\/span><\/span><\/p>\n<p>D\u00e9l\u00e9gu\u00e9s : POULAIN Mathieu, STREHAIANO Bernard<\/p>\n<p>Suppl\u00e9ant : CALMELS Pierre<\/p>\n<p class=\"Style1\"><span style=\"font-family: Arial,Helvetica,sans-serif;\"><span class=\"Style2\"><span style=\"text-decoration: underline;\"><strong>Syndicat d&rsquo;Adduction d&rsquo;Eau Potable de SA\u00cfX-NAVES (SMAEP) :<br \/>\n<\/strong><\/span><\/span><\/span><\/p>\n<p>CALMELS Pierre, CANREDON Val\u00e9ry, DELESALLE Antoine, DENJEAN Nathalie, PONT Isabelle, SICARD Gilles<\/p>\n<p><span style=\"text-decoration: underline;\"><strong>Commission Communale des Imp\u00f4ts Directs <\/strong>(comprenant \u00e9lus et administr\u00e9s) :<br \/>\n<\/span><br \/>\nTitulaires :\u00a0 CALMELS Pierre, CANREDON Val\u00e9ry, SICARD Gilles<\/p>\n<p>Suppl\u00e9ants : COURTOIS Michel, DELESALLE Antoine, DENJEAN Nathalie<\/p>\n<p><span style=\"text-decoration: underline;\"><strong>Comit\u00e9 National de l&rsquo;Action Sociale (CNAS)<\/strong><\/span> :<\/p>\n<p>D\u00e9l\u00e9gu\u00e9e : COSENZA Catherine<\/p>\n<p>Suppl\u00e9ante : GUIBAUD V\u00e9ronique<\/p>\n<p><span style=\"text-decoration: underline;\"><strong>Conseiller correspondant D\u00e9fense<\/strong><\/span> :<\/p>\n<p>Titulaire : CALMELS Pierre<\/p>\n<p>Suppl\u00e9ant : DELESALLE Antoine<\/p>\n<p>&nbsp;<\/td>\n<\/tr>\n<\/tbody>\n<\/table>\n<!-- wpsso rrssb get buttons: buttons on archive option not enabled -->\n","protected":false},"excerpt":{"rendered":"<p>Composition du conseil municipal Maire CALMELS Pierre 1er Adjoint SICARD Gilles 2\u00e8me Adjoint CANREDON Val\u00e9ry 3\u00e8me Adjoint DELESALLE Antoine Conseillers BARBARA Guillaume COSENZA Catherine COURTOIS Michel COUSINIE Audrey DENJEAN Nathalie DO Julien GUIBAUD V\u00e9ronique HOLMIERE Laetitia PONT Isabelle POULAIN Mathieu STREHAIANO Bernard \u00a0 Commissions (Responsables, suppl\u00e9ants) COMMISSIONS RESPONSABLE SUPPLEANTS MEMBRES Finances CALMELS Pierre CANREDON Val\u00e9ry [&hellip;]<\/p>\n","protected":false},"author":3,"featured_media":0,"parent":0,"menu_order":95,"comment_status":"closed","ping_status":"open","template":"","meta":{"footnotes":""},"class_list":["post-128","page","type-page","status-publish","hentry"],"_links":{"self":[{"href":"http:\/\/ville-naves.fr\/index.php?rest_route=\/wp\/v2\/pages\/128","targetHints":{"allow":["GET"]}}],"collection":[{"href":"http:\/\/ville-naves.fr\/index.php?rest_route=\/wp\/v2\/pages"}],"about":[{"href":"http:\/\/ville-naves.fr\/index.php?rest_route=\/wp\/v2\/types\/page"}],"author":[{"embeddable":true,"href":"http:\/\/ville-naves.fr\/index.php?rest_route=\/wp\/v2\/users\/3"}],"replies":[{"embeddable":true,"href":"http:\/\/ville-naves.fr\/index.php?rest_route=%2Fwp%2Fv2%2Fcomments&post=128"}],"version-history":[{"count":14,"href":"http:\/\/ville-naves.fr\/index.php?rest_route=\/wp\/v2\/pages\/128\/revisions"}],"predecessor-version":[{"id":3387,"href":"http:\/\/ville-naves.fr\/index.php?rest_route=\/wp\/v2\/pages\/128\/revisions\/3387"}],"wp:attachment":[{"href":"http:\/\/ville-naves.fr\/index.php?rest_route=%2Fwp%2Fv2%2Fmedia&parent=128"}],"curies":[{"name":"wp","href":"https:\/\/api.w.org\/{rel}","templated":true}]}}