{"id":141,"date":"2022-09-04T20:15:56","date_gmt":"2022-09-04T19:15:56","guid":{"rendered":"http:\/\/www.ville-naves.fr\/?page_id=141"},"modified":"2023-04-20T12:06:22","modified_gmt":"2023-04-20T11:06:22","slug":"services-publics","status":"publish","type":"page","link":"http:\/\/ville-naves.fr\/?page_id=141","title":{"rendered":"Services Publics"},"content":{"rendered":"<h1>\u00a0<\/h1>\n<p>\u00a0<\/p>\n<table style=\"height: 2170px;\" border=\"5\" width=\"680\" align=\"left\" bgcolor=\"#ffffff\">\n<tbody>\n<tr>\n<td width=\"15%\">\u00a0<\/td>\n<td width=\"45%\"><strong>Adresse<\/strong><\/td>\n<td width=\"15%\"><strong>T\u00e9l\u00e9phone<\/strong><\/td>\n<td width=\"15%\"><strong>T\u00e9l\u00e9copie<\/strong><\/td>\n<\/tr>\n<tr>\n<td><strong>Mairie de Nav\u00e8s<\/strong><\/td>\n<td><strong>1 Place de la mairie<\/strong><\/td>\n<td>05 63 70 22 18<\/td>\n<td>05 63 71 10 39<\/td>\n<\/tr>\n<tr>\n<td><strong>Ecole de Nav\u00e8s<\/strong><\/td>\n<td><strong>10 rue de l&rsquo;Ecole<br \/><\/strong><\/td>\n<td>05 63 71 34 48<\/td>\n<td>\u00a0<\/td>\n<\/tr>\n<tr>\n<td><strong>Pompiers<\/strong><\/td>\n<td>\u00a0<\/td>\n<td>18<\/td>\n<td>\u00a0<\/td>\n<\/tr>\n<tr>\n<td><strong>SAMU<\/strong><\/td>\n<td>\u00a0<\/td>\n<td>15<\/td>\n<td>\u00a0<\/td>\n<\/tr>\n<tr>\n<td><strong>Gendarmerie<\/strong><\/td>\n<td><strong>Labrugui\u00e8re<\/strong><\/td>\n<td>05 63 51 41 50<\/td>\n<td>\u00a0<\/td>\n<\/tr>\n<tr>\n<td><strong>Enedis<\/strong><\/td>\n<td>&#8211;\u00a0<a href=\"http:\/\/www.enedis.fr\/\">http:\/\/www.enedis.fr\/<\/a>\u00a0gestionnaire du r\u00e9seau de distribution d\u2019\u00e9lectricit\u00e9.\n<p>\u00a0<\/p>\n<p>\u00a0<\/p>\n<p>Cf. infos suppl\u00e9mentaires dans la rubrique \u00ab\u00a0<strong>Liens utiles<\/strong>\u00a0\u00bb : Energie-info et fournisseurs d&rsquo;\u00e9lectricit\u00e9<\/p>\n<\/td>\n<td>\n<p style=\"text-align: center;\">Urgences <br \/>09 729 750 81<\/p>\n<p style=\"text-align: center;\">Service Client Particuliers<br \/>0970 831 970<\/p>\n<\/td>\n<td>\u00a0<\/td>\n<\/tr>\n<tr>\n<td>\u00a0<\/td>\n<td>\u00a0<\/td>\n<td>\u00a0<\/td>\n<td>\u00a0<\/td>\n<\/tr>\n<tr bgcolor=\"#ccccff\">\n<td colspan=\"4\">\u00a0<\/td>\n<\/tr>\n<tr>\n<td style=\"text-align: center;\" colspan=\"2\">\n<h2><strong>Infos mairie <\/strong><strong>t\u00e9l : 05 63 70 22 18<br \/><\/strong><\/h2>\n<h3>Contact :\u00a0<a href=\"http:\/\/ville-naves.fr\/?page_id=376\">Formulaire Contact <\/a><\/h3>\n<\/td>\n<td colspan=\"2\">\u00a0<img loading=\"lazy\" decoding=\"async\" class=\"aligncenter wp-image-2154 size-thumbnail\" src=\"http:\/\/ville-naves.fr\/wp-content\/uploads\/Marianne-pholio-140x105.jpg\" alt=\"Marianne\" width=\"160\" height=\"125\" \/><\/td>\n<\/tr>\n<tr>\n<td colspan=\"4\"><strong><span style=\"text-decoration: underline;\">Secr\u00e9tariat de mairie<\/span><\/strong>\n<p>\u00a0<\/p>\n<table border=\"1\" cellpadding=\"0\" align=\"center\">\n<tbody>\n<tr>\n<td align=\"center\" width=\"158\">\u00a0<\/td>\n<td colspan=\"2\" width=\"248\">heures d\u2019ouverture<\/td>\n<\/tr>\n<tr>\n<td align=\"center\" width=\"158\">Lundi<\/td>\n<td align=\"center\" width=\"121\">8h00-12h00<\/td>\n<td align=\"center\" width=\"126\">Fermeture<\/td>\n<\/tr>\n<tr>\n<td align=\"center\" width=\"158\">Mardi<\/td>\n<td align=\"center\" width=\"121\">8h00-12h00<\/td>\n<td align=\"center\" width=\"126\">15h30-19h00<\/td>\n<\/tr>\n<tr>\n<td align=\"center\" width=\"158\">Mercredi<\/td>\n<td colspan=\"2\" align=\"center\" width=\"248\">Fermeture<\/td>\n<\/tr>\n<tr>\n<td align=\"center\" width=\"158\">Jeudi<\/td>\n<td align=\"center\" width=\"121\">Fermeture<\/td>\n<td align=\"center\" width=\"126\">13h30-17h30<\/td>\n<\/tr>\n<tr>\n<td align=\"center\" width=\"158\">Vendredi<\/td>\n<td align=\"center\" width=\"121\">8h00-12h00<\/td>\n<td align=\"center\" width=\"126\">15h30-19h00<\/td>\n<\/tr>\n<\/tbody>\n<\/table>\n<hr size=\"2\" \/>\n<p><strong><span style=\"text-decoration: underline;\">Permanences<\/span><\/strong><strong><span style=\"text-decoration: underline;\"><br \/><\/span>&#8211; <\/strong>du Maire, le\u00a0vendredi de 18H \u00e0 19H ou sur rendez vous<br \/>&#8211; des Adjoints et Conseillers tous les vendredis de 18H \u00e0 19H sur RV<\/p>\n<p><strong><span style=\"text-decoration: underline;\">Tarifs Cantine<\/span><\/strong><strong><br \/><\/strong>_ Enfants 3,60 euros (planche de 10 tickets 36 \u20ac)<br \/>_ Adultes 4,30 euros (planche de 10 tickets 43 \u20ac)<br \/><strong><span style=\"text-decoration: underline;\">Repas \u00e0 domicile<\/span><\/strong><strong><span style=\"text-decoration: underline;\"><br \/><\/span><\/strong><span style=\"text-decoration: underline;\">_<\/span>Service assur\u00e9 par \u00ab SR Collectivit\u00e9s \u00bb prix du repas : 8,30 \u20ac<br \/>_ Renseignements et vente de tickets \u00e0 la mairie.<br \/><strong><span style=\"text-decoration: underline;\">Travaux d&rsquo;aide \u00e0 domicile<\/span><\/strong><span style=\"text-decoration: underline;\"> <strong><br \/><\/strong><\/span><strong>_<\/strong>contacter l\u2019A.D.M.R. de Saix-Nav\u00e8s :05.63.71.90.30 ou 06.88.01.31.07<\/p>\n<p>Permanence\u00a0: le lundi de 9h \u00e0 12h et le vendredi de 14h \u00e0 16h, sans rendez-vous, \u00e0 l\u2019adresse\u00a0: 5 chemin bis d\u2019En Barbaro, 81710 SAIX.<\/p>\n<p>\u00a0<\/p>\n<hr size=\"2\" \/>\n<p><strong><span style=\"text-decoration: underline;\">Prix de location de la salle G. Pr\u00eatre (au 01\/01\/2023)<\/span><\/strong><br \/>(exclusivement r\u00e9serv\u00e9e aux Habitants de la commune)<\/p>\n<table style=\"height: 108px;\" border=\"1\" width=\"60%\" cellpadding=\"0\">\n<tbody>\n<tr>\n<td>Salle+cantine \/1j<\/td>\n<td bgcolor=\"#ccccff\" width=\"80\">200 \u20ac<\/td>\n<\/tr>\n<tr>\n<td>Salle+cantine \/2j<\/td>\n<td bgcolor=\"#ccccff\" width=\"80\">275 \u20ac<\/td>\n<\/tr>\n<tr>\n<td>cantine seule \/1j<\/td>\n<td bgcolor=\"#ccccff\" width=\"80\">150 \u20ac<\/td>\n<\/tr>\n<tr>\n<td>Caution<\/td>\n<td bgcolor=\"#ccccff\" width=\"80\">500 \u20ac<\/td>\n<\/tr>\n<\/tbody>\n<\/table>\n<\/td>\n<\/tr>\n<\/tbody>\n<\/table>\n\n\n<p><\/p>\n<!-- wpsso rrssb get buttons: buttons on archive option not enabled -->\n","protected":false},"excerpt":{"rendered":"<p>\u00a0 \u00a0 \u00a0 Adresse T\u00e9l\u00e9phone T\u00e9l\u00e9copie Mairie de Nav\u00e8s 1 Place de la mairie 05 63 70 22 18 05 63 71 10 39 Ecole de Nav\u00e8s 10 rue de l&rsquo;Ecole 05 63 71 34 48 \u00a0 Pompiers \u00a0 18 \u00a0 SAMU \u00a0 15 \u00a0 Gendarmerie Labrugui\u00e8re 05 63 51 41 50 \u00a0 Enedis &#8211;\u00a0http:\/\/www.enedis.fr\/\u00a0gestionnaire [&hellip;]<\/p>\n","protected":false},"author":3,"featured_media":0,"parent":0,"menu_order":0,"comment_status":"closed","ping_status":"open","template":"","meta":{"footnotes":""},"class_list":["post-141","page","type-page","status-publish","hentry"],"_links":{"self":[{"href":"http:\/\/ville-naves.fr\/index.php?rest_route=\/wp\/v2\/pages\/141","targetHints":{"allow":["GET"]}}],"collection":[{"href":"http:\/\/ville-naves.fr\/index.php?rest_route=\/wp\/v2\/pages"}],"about":[{"href":"http:\/\/ville-naves.fr\/index.php?rest_route=\/wp\/v2\/types\/page"}],"author":[{"embeddable":true,"href":"http:\/\/ville-naves.fr\/index.php?rest_route=\/wp\/v2\/users\/3"}],"replies":[{"embeddable":true,"href":"http:\/\/ville-naves.fr\/index.php?rest_route=%2Fwp%2Fv2%2Fcomments&post=141"}],"version-history":[{"count":29,"href":"http:\/\/ville-naves.fr\/index.php?rest_route=\/wp\/v2\/pages\/141\/revisions"}],"predecessor-version":[{"id":4319,"href":"http:\/\/ville-naves.fr\/index.php?rest_route=\/wp\/v2\/pages\/141\/revisions\/4319"}],"wp:attachment":[{"href":"http:\/\/ville-naves.fr\/index.php?rest_route=%2Fwp%2Fv2%2Fmedia&parent=141"}],"curies":[{"name":"wp","href":"https:\/\/api.w.org\/{rel}","templated":true}]}}