{"id":151,"date":"2020-02-02T11:10:19","date_gmt":"2020-02-02T10:10:19","guid":{"rendered":"http:\/\/www.ville-naves.fr\/?page_id=151"},"modified":"2020-02-06T12:29:18","modified_gmt":"2020-02-06T11:29:18","slug":"le-club-des-aines","status":"publish","type":"page","link":"http:\/\/ville-naves.fr\/?page_id=151","title":{"rendered":"Club des A\u00een\u00e9s"},"content":{"rendered":"<p>Nous terminons cette ann\u00e9e 2019 par notre traditionnel repas amical de fin de saison o\u00f9 tous nos adh\u00e9rents ont pu appr\u00e9cier le repas et la petite attention offerte par le club.<\/p>\n<p>Nous esp\u00e9rons que l\u2019ann\u00e9e 2020 soit aussi conviviale. Nous invitons donc les nouveaux retrait\u00e9s et tous ceux qui ont envie de nous rejoindre \u00e0 participer \u00e0 nos diverses manifestations.<\/p>\n<p>Une visite de la cave de Labastide de L\u00e9vis suivie d\u2019un bon repas a \u00e9t\u00e9 tr\u00e8s appr\u00e9ci\u00e9e.<\/p>\n<p>Une deuxi\u00e8me sortie a \u00e9t\u00e9 organis\u00e9e au mois d\u2019octobre avec la visite du Mus\u00e9e du Canal du Midi \u00e0 St-Ferr\u00e9ol agr\u00e9ment\u00e9e d\u2019un bon repas au restaurant.<\/p>\n<p>Les r\u00e9sultats de la finale d\u00e9partementale du remue m\u00e9ninges ont class\u00e9 Nicole Sargueux premi\u00e8re sur le d\u00e9partement.<\/p>\n<p>Notre association, toujours dynamique, essaie de vous faire partager des moments d\u2019amiti\u00e9, de rencontres, soit avec nos apr\u00e8s-midi jeux de soci\u00e9t\u00e9, soit par nos sorties ou nos repas.<\/p>\n<p>Nous n\u2019oublions pas tous ceux, nombreux, qui nous ont quitt\u00e9s cette ann\u00e9e.<\/p>\n<p>Nous vous souhaitons de belles f\u00eates de fin d\u2019ann\u00e9e, beaucoup de bonheur et la sant\u00e9.<\/p>\n<p>Le Pr\u00e9sident<\/p>\n<p><img loading=\"lazy\" decoding=\"async\" class=\"aligncenter size-medium wp-image-3289\" src=\"http:\/\/ville-naves.fr\/wp-content\/uploads\/Assos_Ain\u00e9s_photo-300x169.jpg\" alt=\"\" width=\"300\" height=\"169\" data-wp-pid=\"3289\" srcset=\"http:\/\/ville-naves.fr\/wp-content\/uploads\/Assos_Ain\u00e9s_photo-300x169.jpg 300w, http:\/\/ville-naves.fr\/wp-content\/uploads\/Assos_Ain\u00e9s_photo-768x432.jpg 768w, http:\/\/ville-naves.fr\/wp-content\/uploads\/Assos_Ain\u00e9s_photo-1024x576.jpg 1024w, http:\/\/ville-naves.fr\/wp-content\/uploads\/Assos_Ain\u00e9s_photo-356x200.jpg 356w, http:\/\/ville-naves.fr\/wp-content\/uploads\/Assos_Ain\u00e9s_photo-800x450.jpg 800w, http:\/\/ville-naves.fr\/wp-content\/uploads\/Assos_Ain\u00e9s_photo-1200x675-cropped.jpg 1200w\" sizes=\"auto, (max-width: 300px) 100vw, 300px\" \/><\/p>\n<!-- wpsso rrssb get buttons: buttons on archive option not enabled -->\n","protected":false},"excerpt":{"rendered":"<p>Nous terminons cette ann\u00e9e 2019 par notre traditionnel repas amical de fin de saison o\u00f9 tous nos adh\u00e9rents ont pu appr\u00e9cier le repas et la petite attention offerte par le club. Nous esp\u00e9rons que l\u2019ann\u00e9e 2020 soit aussi conviviale. Nous invitons donc les nouveaux retrait\u00e9s et tous ceux qui ont envie de nous rejoindre \u00e0 [&hellip;]<\/p>\n","protected":false},"author":3,"featured_media":0,"parent":0,"menu_order":0,"comment_status":"closed","ping_status":"closed","template":"","meta":{"footnotes":""},"class_list":["post-151","page","type-page","status-publish","hentry"],"_links":{"self":[{"href":"http:\/\/ville-naves.fr\/index.php?rest_route=\/wp\/v2\/pages\/151","targetHints":{"allow":["GET"]}}],"collection":[{"href":"http:\/\/ville-naves.fr\/index.php?rest_route=\/wp\/v2\/pages"}],"about":[{"href":"http:\/\/ville-naves.fr\/index.php?rest_route=\/wp\/v2\/types\/page"}],"author":[{"embeddable":true,"href":"http:\/\/ville-naves.fr\/index.php?rest_route=\/wp\/v2\/users\/3"}],"replies":[{"embeddable":true,"href":"http:\/\/ville-naves.fr\/index.php?rest_route=%2Fwp%2Fv2%2Fcomments&post=151"}],"version-history":[{"count":20,"href":"http:\/\/ville-naves.fr\/index.php?rest_route=\/wp\/v2\/pages\/151\/revisions"}],"predecessor-version":[{"id":3290,"href":"http:\/\/ville-naves.fr\/index.php?rest_route=\/wp\/v2\/pages\/151\/revisions\/3290"}],"wp:attachment":[{"href":"http:\/\/ville-naves.fr\/index.php?rest_route=%2Fwp%2Fv2%2Fmedia&parent=151"}],"curies":[{"name":"wp","href":"https:\/\/api.w.org\/{rel}","templated":true}]}}