{"id":155,"date":"2009-11-09T17:17:13","date_gmt":"2009-11-09T15:17:13","guid":{"rendered":"http:\/\/www.ville-naves.fr\/?page_id=155"},"modified":"2010-08-11T10:25:35","modified_gmt":"2010-08-11T09:25:35","slug":"un-peu-dhistoire","status":"publish","type":"page","link":"http:\/\/ville-naves.fr\/?page_id=155","title":{"rendered":"Un peu d&rsquo;Histoire"},"content":{"rendered":"<p align=\"center\"><strong><span style=\"font-size: medium;\">Population et habitats sur la commune          de Nav\u00e8s notes historiques Nav\u00e8s,<\/span><\/strong><\/p>\n<p><span style=\"text-decoration: underline;\">Montespieu et Sallepieussou tels qu&rsquo;ils apparaissent dans les premiers          textes<\/span>.<\/p>\n<p>En l&rsquo;\u00e9tat actuel des connaissances, et ce depuis l&rsquo;\u00e9tude de Barri\u00e8re          Flavy, l&rsquo;ensemble des terroirs de Nav\u00e8s, Montespieu et Sallepieussou n&rsquo;entre          v\u00e9ritablement dans l&rsquo;histoire que vers le milieu du XIII\u00e8me si\u00e8cle.<br \/>\nLes \u00e9crits pr\u00e9sentent donc la situation \u00e0 la fin de la Croisade contre          les Albigeois, et d&rsquo;ailleurs les cadres juridiques demeureront pratiquement          tels quels jusqu&rsquo;\u00e0 la R\u00e9volution : Sallepieussou appartient en propre          \u00e0 l&rsquo;Abbaye b\u00e9n\u00e9dictine de Castres, Nav\u00e8s est vendu \u00e0 la famille des Tour\u00e8ne,          bourgeois de Castres et Montespieu est sous la coupe d&rsquo;une famille de          Chevalier, les Caudi\u00e8re en l&rsquo;occurrence.<\/p>\n<p><strong>NAVES<\/strong><\/p>\n<p style=\"padding-left: 30px;\">A Nav\u00e8s, les premiers textes, mentionnent d\u00e9j\u00e0 l&rsquo;\u00e9glise (donc une population          environnante plus ou moins proche) et peut \u00eatre le pont\u2026<\/p>\n<p style=\"padding-left: 30px;\">Nav\u00e8s est-il une tentative de bastide qui \u00e9choue ? avec un par\u00e9age royal          et surtout avec comme pi\u00e8ce ma\u00eetresse ce seul pont (donc un p\u00e9age \u00e9ventuel)          facilitant les \u00e9changes entre Castres et le pi\u00e9mont de la Montagne Noire,          voire le Toulousain.<\/p>\n<p style=\"padding-left: 30px;\">Mais, la vente de la presque totalit\u00e9 de la terre \u00e0 un grand seigneur          (Jourdain de Saissac) puis \u00e0 une famille de bourgeois de Castres, les          Thour\u00e8ne, va faire avorter cette id\u00e9e et sceller le sort de ce terroir          comme terre de rapport.<br \/>\nLes nouveaux acqu\u00e9reurs, les fr\u00e8res Thour\u00e8ne, vont marquer cette terre          en se la partageant, puis en construisant une maison qui portera leur          nom.<\/p>\n<p style=\"padding-left: 30px;\">Barginac pr\u00e9c\u00e8de la fondation officielle de Nav\u00e8s ; il est mentionn\u00e9 comme          fort, surveillant de sa motte le passage du thor\u00e9. Le lieu est \u00e9quidistant          du passage des Fargues et de celui du pont de Nav\u00e8s, la vue est totale          et en donnant le nom \u00e0 une des g\u00e2ches ou quartiers de Castres, la relation          avec la ville est renforc\u00e9e. Barginac sera le seul espace disponible pour          de petits poss\u00e9dants et c&rsquo;est avec Galiou les seuls points de concentrations          humaines. D&rsquo;ailleurs le peu de population sera pour Nav\u00e8s une plainte          constante.<\/p>\n<p><strong>SALLEPIEUSSOU<br \/>\n<\/strong><\/p>\n<p style=\"padding-left: 30px;\">Sallepieussou appartient en propre \u00e0 l&rsquo;abbaye et \u00e0 l&rsquo;inverse des          deux autres terroirs l&rsquo;habitat et la populations sont pour l&rsquo;essentiel          r\u00e9partis en deux lieux : au lieu dit Latour, \u00e0 proximit\u00e9 de la petite          fortification et en contre bas de celle-ci : le hameau, regroupement de          petites fermes (<span class=\"__mozilla-findbar-search\" style=\"padding: 0pt; background-color: yellow; color: black; display: inline; font-size: inherit;\">&lsquo;<\/span>las bories<span class=\"__mozilla-findbar-search\" style=\"padding: 0pt; background-color: yellow; color: black; display: inline; font-size: inherit;\">&lsquo;<\/span>) qui offrait ainsi une main d&rsquo;\u0153uvre \u00e0 la          disposition du ch\u00e2teau de Montespieu, d\u00e8s le milieu du XVI\u00e8me. (A moins          que ce soit la construction du ch\u00e2teau qui ait induit l&rsquo;implantation de          cet habitat)<\/p>\n<p style=\"padding-left: 30px;\">Le choix du site ne semble pas fortuit : toujours une cr\u00eate avec m\u00eame          une vue panoramique versant Bernazobre et versant Thor\u00e9 (depuis le sommet          originel de la tour) et de plus \u00e0 la crois\u00e9e d&rsquo;une route de Castres passant          par le gu\u00e9 de Tour\u00e8ne et de la route de cr\u00eate Labrugui\u00e8re-Viviers (longeant          la plaine du Bernazobre et sur laquelle fut d\u00e9couvert il y a peu des vestiges          d&rsquo;un habitat gaulois au lieu de Rauly, commune de Viviers).<\/p>\n<p style=\"padding-left: 30px;\">Caraven Cachin          mentionne la d\u00e9couverte \u00e0 Latour d&rsquo;une hache celtique dans sa carte arch\u00e9ologique          ; le lieu est peut \u00eatre habit\u00e9 depuis <span class=\"__mozilla-findbar-search\" style=\"padding: 0pt; background-color: yellow; color: black; display: inline; font-size: inherit;\">&lsquo;<\/span>des temps imm\u00e9moriaux&rsquo; pour reprendre          la formule classique.<\/p>\n<p><strong>MONTESPIEU<\/strong><\/p>\n<p style=\"padding-left: 30px;\">L&rsquo;existence sur le terroir de Montespieu d&rsquo;un <span class=\"__mozilla-findbar-search\" style=\"padding: 0pt; background-color: yellow; color: black; display: inline; font-size: inherit;\">&lsquo;<\/span>foss\u00e9 de la salvegarde&rsquo; est un d\u00e9tail int\u00e9ressant : il mat\u00e9rialise un distinguo juridique quant          au partage de la justice qui subsiste jusqu&rsquo;\u00e0 la R\u00e9volution, il rappelle          peut \u00eatre la mise en place par l&rsquo;Abbaye en des temps plus anciens d&rsquo;une          sauvet\u00e9 (c&rsquo;est \u00e0 dire un refuge pour les populations sur une terre d&rsquo;\u00e9glise).<\/p>\n<p style=\"padding-left: 30px;\">Sur le terroir de Montespieu, l&rsquo;habitat est peut \u00eatre dispers\u00e9 ; c&rsquo;est          du moins ainsi qu&rsquo;il appara\u00eet dans les divers recensements &#8211; certes post\u00e9rieurs          \u00e0 la p\u00e9riode qui nous int\u00e9resse et dont le plus ancien est le compoix          de 1585.<\/p>\n<p style=\"padding-left: 30px;\">Si un groupement d&rsquo;habitat \u00e0 disparu, seule l&rsquo;arch\u00e9ologie pourra le pr\u00e9ciser.          L&rsquo;id\u00e9e de translation est par contre tr\u00e8s vivace au sujet du ch\u00e2teau de          Montespieu et ce pour plusieurs raisons :<\/p>\n<ul style=\"margin-left:30px;\">\n<li>un texte du XVI\u00e8me que je n&rsquo;ai toujours pas retrouv\u00e9 mentionnerait les          restes de l&rsquo;ancien ch\u00e2teau<\/li>\n<li>la situation de l&rsquo;actuel ch\u00e2teau ne correspond pas trop \u00e0 l&rsquo;id\u00e9e d&rsquo;un          mont et de surcro\u00eet \u00e0 un mont qui \u00e9pie (cf toponymie)<\/li>\n<li>de plus, celui qui existe constitue certes une enclave de Montespieu          mais il se situe tout de m\u00eame dans le terroir de Sallepieussou ; alors          comment expliquer qu&rsquo;il donne son nom \u00e0 une terre o\u00f9 il n&rsquo;est pas ?<\/li>\n<li>de plus le terme <span class=\"__mozilla-findbar-search\" style=\"padding: 0pt; background-color: yellow; color: black; display: inline; font-size: inherit;\">&lsquo;<\/span>milite<span class=\"__mozilla-findbar-search\" style=\"padding: 0pt; background-color: yellow; color: black; display: inline; font-size: inherit;\">&lsquo;<\/span> pour les Caudi\u00e8re peut raisonnablement impliquer          un fort<\/li>\n<\/ul>\n<p style=\"padding-left: 30px;\">Plusieurs tertres encore existants peuvent pr\u00e9tendre au titre de motte          castrale et encore une fois l&rsquo;arch\u00e9ologie pourra peut \u00eatre pr\u00e9ciser les          choses.<\/p>\n<p><span style=\"font-size: small;\"><strong>En conclusion<\/strong><\/span><\/p>\n<p style=\"padding-left: 30px;\">Du milieu du XIII\u00e8me jusqu&rsquo;au milieu du XVI\u00e8me, l&rsquo;habitat sur les diff\u00e9rents          terroirs ne semble pas avoir beaucoup chang\u00e9 : quelques forts et fermes          dispers\u00e9s et peut \u00eatre 2 lieux d&rsquo;habitats group\u00e9s : Sallepieussou et Barginac.          Le XVI\u00e8me si\u00e8cle avec l&rsquo;installation de la Chambre de l&rsquo;Edit \u00e0 Castres          va impulser un nouveau mouvement d&rsquo;achats, de partages et surtout la construction          de nouvelles demeures pour les juristes protestants souvent originaires          de contr\u00e9es \u00e9loign\u00e9es. (les juristes catholiques \u00e9taient eux pour la plupart          d\u00e9tach\u00e9s du Parlement de Toulouse)<\/p>\n<p style=\"padding-left: 30px;\">L&rsquo;habitat se densifie ou se transforme          un peu plus avec Mascarenc, Puechbertou, Tour\u00e8ne-Bas, Gaillard, Malzac          et sans doute la construction du nouveau ch\u00e2teau de Montespieu.<\/p>\n<p style=\"padding-left: 30px;\">Il faudra attendre le XIX\u00e8me si\u00e8cle pour voir d&rsquo;importantes modifications          : avec l&rsquo;implantation au centre de la nouvelle commune de Nav\u00e8s (la r\u00e9unification          a eu lieu en 1825) de l&rsquo;\u00e9glise, l&rsquo;\u00e9cole mairie et quelques habitations          jouxtant mais toujours clairsem\u00e9es et quelques nouveaux lieux : la Gr\u00e8ze,          Vaudricourt, le Jardinier au d\u00e9but du XX\u00e8me.<\/p>\n<p style=\"padding-left: 30px;\">Le dernier tiers du XX \u00e8me voit une vague de constructions d&rsquo;une ampleur          sans pr\u00e9c\u00e9dent permise et expliqu\u00e9e par la conjugaison de plusieurs facteurs          : la rationalisation et l&rsquo;adaptation du parcellaire aux nouvelles techniques          agricoles (et par la m\u00eame la mutation dans la destination de certaines          terres), le morcellement de certains grands domaines, et enfin la r\u00e9alisation          d&rsquo;un r\u00e9seau d&rsquo;adduction d&rsquo;eau potable qui permet une libert\u00e9 d&rsquo;implantation          par rapport au point d&rsquo;eau. La population stabilis\u00e9e depuis des si\u00e8cles          aux environs de 400 habitants a aujourd&rsquo;hui pratiquement doubl\u00e9.<\/p>\n<p align=\"right\">Alain Pauthe<\/p>\n<!-- wpsso rrssb get buttons: buttons on archive option not enabled -->\n","protected":false},"excerpt":{"rendered":"<p>Population et habitats sur la commune de Nav\u00e8s notes historiques Nav\u00e8s, Montespieu et Sallepieussou tels qu&rsquo;ils apparaissent dans les premiers textes. En l&rsquo;\u00e9tat actuel des connaissances, et ce depuis l&rsquo;\u00e9tude de Barri\u00e8re Flavy, l&rsquo;ensemble des terroirs de Nav\u00e8s, Montespieu et Sallepieussou n&rsquo;entre v\u00e9ritablement dans l&rsquo;histoire que vers le milieu du XIII\u00e8me si\u00e8cle. Les \u00e9crits pr\u00e9sentent [&hellip;]<\/p>\n","protected":false},"author":3,"featured_media":0,"parent":0,"menu_order":0,"comment_status":"closed","ping_status":"open","template":"","meta":{"footnotes":""},"class_list":["post-155","page","type-page","status-publish","hentry"],"_links":{"self":[{"href":"http:\/\/ville-naves.fr\/index.php?rest_route=\/wp\/v2\/pages\/155","targetHints":{"allow":["GET"]}}],"collection":[{"href":"http:\/\/ville-naves.fr\/index.php?rest_route=\/wp\/v2\/pages"}],"about":[{"href":"http:\/\/ville-naves.fr\/index.php?rest_route=\/wp\/v2\/types\/page"}],"author":[{"embeddable":true,"href":"http:\/\/ville-naves.fr\/index.php?rest_route=\/wp\/v2\/users\/3"}],"replies":[{"embeddable":true,"href":"http:\/\/ville-naves.fr\/index.php?rest_route=%2Fwp%2Fv2%2Fcomments&post=155"}],"version-history":[{"count":0,"href":"http:\/\/ville-naves.fr\/index.php?rest_route=\/wp\/v2\/pages\/155\/revisions"}],"wp:attachment":[{"href":"http:\/\/ville-naves.fr\/index.php?rest_route=%2Fwp%2Fv2%2Fmedia&parent=155"}],"curies":[{"name":"wp","href":"https:\/\/api.w.org\/{rel}","templated":true}]}}