{"id":348,"date":"2021-01-30T08:18:00","date_gmt":"2021-01-30T07:18:00","guid":{"rendered":"http:\/\/www.ville-naves.fr\/?page_id=348"},"modified":"2021-03-15T21:58:43","modified_gmt":"2021-03-15T20:58:43","slug":"mjc","status":"publish","type":"page","link":"http:\/\/ville-naves.fr\/?page_id=348","title":{"rendered":"MJC"},"content":{"rendered":"\n<h2 class=\"has-text-align-center wp-block-heading\"><em>Une ann\u00e9e particuli\u00e8re<\/em><\/h2>\n\n\n\n<p>L&rsquo;ann\u00e9e 2020 se termine et sera marqu\u00e9e par cette crise sanitaire que nous vivons depuis le 13 mars. En effet toutes les activit\u00e9s se sont arr\u00eat\u00e9es le 13 mars, pour certaines, elles ont pu continuer en Visio mais ce n&rsquo;est pas la m\u00eame chose, d\u2019ailleurs c&rsquo;est pour cela que nous pouvons constater l&rsquo;importance de la MJC dans notre village cela maintient le lien social entre toutes les g\u00e9n\u00e9rations. <br>Les activit\u00e9s ont repris le 14 septembre juste un mois bien dommage car nous avons cr\u00e9\u00e9 7 nouvelles activit\u00e9s.<\/p>\n\n\n\n<ul class=\"wp-block-list\"><li>La Zumba<\/li><li>Espagnol<\/li><li>Anglais pour les enfants du CE2 au CM2<\/li><li>Sophrologie de 6 \u00e0 12 ans<\/li><li>Multi activit\u00e9s de 8 \u00e0 12 ans<\/li><li>V\u00e9los adultes et ados<\/li><li>Guitare pour adultes et enfants<\/li><\/ul>\n\n\n\n<p>Notre assembl\u00e9e g\u00e9n\u00e9rale a eu lieu le 10 octobre \u00e0 la salle Georges Pr\u00eate tout en respectant les gestes barri\u00e8res et dans la limite de 30 personnes.<br>Nous souhaitons la bienvenue \u00e0 Nadine et Andr\u00e9 Bardou qui ont int\u00e9gr\u00e9 le conseil d\u2019administration.<\/p>\n\n\n\n<p><br>Pour ce qui en est des animations 2020 nous avons uniquement pu faire le loto, la f\u00eate de la MJC pr\u00e9vue au mois de mai a d\u00fb \u00eatre annul\u00e9e.<br>Sans parler de notre incontournable r\u00e9veillon qui n\u2019a pas eu lieu cette ann\u00e9e comme vous vous en doutez, \u00e0 notre grand d\u00e9sespoir, certes c&rsquo;est une sacr\u00e9e organisation et beaucoup de travail pour nous tous, les b\u00e9n\u00e9voles mais tout de m\u00eame un plaisir de se retrouver en amont pour l&rsquo;organisation et ensuite pour le bilan.<\/p>\n\n\n\n<p>La MJC participe au t\u00e9l\u00e9thon de mani\u00e8re diff\u00e9rente comme vous avez pu le constater en recevant le programme dans vos bo\u00eetes aux lettres.<\/p>\n\n\n\n<p>Pr\u00e9vu le 6 f\u00e9vrier 2021 le loto ne pourra avoir lieu compte tenu de la situation. Nous esp\u00e9rons pouvoir vous retrouver pour la f\u00eate MJC fin mai ou courant juin (si le protocole sanitaire le permet).<\/p>\n\n\n\n<p>Je voudrais remercier les adh\u00e9rentes de l&rsquo;atelier couture et les b\u00e9n\u00e9voles du village qui ont confectionn\u00e9 plus de 700 masques pour les Navessols pendant le confinement.<\/p>\n\n\n\n<p>Mes remerciements s&rsquo;adressent \u00e0 Pierre CALMELS notre nouveau Maire et son conseil municipal que nous sollicitons tout au long de l&rsquo;ann\u00e9e.<\/p>\n\n\n\n<p>Amis Navessols et Navessolles, la pr\u00e9sidente, le conseil d&rsquo;administration et moi-m\u00eame esp\u00e9rons que vous avez pass\u00e9 d&rsquo;agr\u00e9ables f\u00eates de fin d&rsquo;ann\u00e9e malgr\u00e9 tout et nous vous souhaitons une bonne et meilleure ann\u00e9e 2021.<\/p>\n\n\n\n<p>La Directrice Patricia PAUTHE<\/p>\n\n\n<p>\u00a0<\/p>\n<figure id=\"attachment_3410\" aria-describedby=\"caption-attachment-3410\" style=\"width: 200px\" class=\"wp-caption aligncenter\"><a href=\"http:\/\/ville-naves.fr\/wp-content\/uploads\/prog-mjc-2020.pdf\" target=\"_blank\" rel=\"noopener noreferrer\"><img loading=\"lazy\" decoding=\"async\" class=\"wp-image-3410 size-full\" src=\"http:\/\/ville-naves.fr\/wp-content\/uploads\/Logo-MJC.jpg\" alt=\"\" width=\"200\" height=\"182\" data-wp-pid=\"3410\" \/><\/a><figcaption id=\"caption-attachment-3410\" class=\"wp-caption-text\">Lien vers le programme MJC 2020-2021 (279 Ko)<\/figcaption><\/figure><!-- wpsso rrssb get buttons: buttons on archive option not enabled -->\n","protected":false},"excerpt":{"rendered":"<p>Une ann\u00e9e particuli\u00e8re L&rsquo;ann\u00e9e 2020 se termine et sera marqu\u00e9e par cette crise sanitaire que nous vivons depuis le 13 mars. En effet toutes les activit\u00e9s se sont arr\u00eat\u00e9es le 13 mars, pour certaines, elles ont pu continuer en Visio mais ce n&rsquo;est pas la m\u00eame chose, d\u2019ailleurs c&rsquo;est pour cela que nous pouvons constater [&hellip;]<\/p>\n","protected":false},"author":3,"featured_media":3410,"parent":0,"menu_order":0,"comment_status":"closed","ping_status":"open","template":"","meta":{"footnotes":""},"class_list":["post-348","page","type-page","status-publish","has-post-thumbnail","hentry"],"_links":{"self":[{"href":"http:\/\/ville-naves.fr\/index.php?rest_route=\/wp\/v2\/pages\/348","targetHints":{"allow":["GET"]}}],"collection":[{"href":"http:\/\/ville-naves.fr\/index.php?rest_route=\/wp\/v2\/pages"}],"about":[{"href":"http:\/\/ville-naves.fr\/index.php?rest_route=\/wp\/v2\/types\/page"}],"author":[{"embeddable":true,"href":"http:\/\/ville-naves.fr\/index.php?rest_route=\/wp\/v2\/users\/3"}],"replies":[{"embeddable":true,"href":"http:\/\/ville-naves.fr\/index.php?rest_route=%2Fwp%2Fv2%2Fcomments&post=348"}],"version-history":[{"count":36,"href":"http:\/\/ville-naves.fr\/index.php?rest_route=\/wp\/v2\/pages\/348\/revisions"}],"predecessor-version":[{"id":3732,"href":"http:\/\/ville-naves.fr\/index.php?rest_route=\/wp\/v2\/pages\/348\/revisions\/3732"}],"wp:featuredmedia":[{"embeddable":true,"href":"http:\/\/ville-naves.fr\/index.php?rest_route=\/wp\/v2\/media\/3410"}],"wp:attachment":[{"href":"http:\/\/ville-naves.fr\/index.php?rest_route=%2Fwp%2Fv2%2Fmedia&parent=348"}],"curies":[{"name":"wp","href":"https:\/\/api.w.org\/{rel}","templated":true}]}}