{"id":3587,"date":"2023-03-05T17:37:02","date_gmt":"2023-03-05T16:37:02","guid":{"rendered":"http:\/\/www.ville-naves.fr\/?page_id=3587"},"modified":"2025-05-30T10:01:12","modified_gmt":"2025-05-30T09:01:12","slug":"compte-rendus-conseil-municipal","status":"publish","type":"page","link":"http:\/\/ville-naves.fr\/?page_id=3587","title":{"rendered":"Proc\u00e8s verbaux du Conseil Municipal"},"content":{"rendered":"\n<p>En application de l&rsquo;article L2121-25 du Code G\u00e9n\u00e9ral des Collectivit\u00e9s Territoriales, le compte rendu est affich\u00e9 en mairie et sur le site internet de la commune sous un d\u00e9lai d&rsquo;une semaine<\/p>\n\n\n\n<h2 class=\"wp-block-heading\">2025<\/h2>\n\n\n\n<div class=\"wp-block-file\"><a id=\"wp-block-file--media-2e15564f-418b-403e-a108-f2448eb0c5a3\" href=\"http:\/\/ville-naves.fr\/wp-content\/uploads\/CR05PV-15-mai-2025.pdf\" target=\"_blank\" rel=\"noreferrer noopener\"><img decoding=\"async\" style=\"width: 20px;\" src=\"http:\/\/ville-naves.fr\/wp-content\/uploads\/application_pdf.png\" alt=\"\"> Proc\u00e8s Verbal du Conseil Municipal du 15 mai 2025<\/a><\/div>\n\n\n\n<div class=\"wp-block-file\"><a id=\"wp-block-file--media-8ce867be-05bf-4fde-899e-d9eb780876ea\" href=\"http:\/\/ville-naves.fr\/wp-content\/uploads\/CR05PV-03-avril-2025.pdf\" target=\"_blank\" rel=\"noreferrer noopener\"><img decoding=\"async\" style=\"width: 20px;\" src=\"http:\/\/ville-naves.fr\/wp-content\/uploads\/application_pdf.png\" alt=\"\"> Proc\u00e8s Verbal du Conseil Municipal du 3 avril 2025<\/a><\/div>\n\n\n\n<div class=\"wp-block-file\"><a id=\"wp-block-file--media-38c05c36-0681-410a-a1f9-881393f2b632\" href=\"http:\/\/ville-naves.fr\/wp-content\/uploads\/CR03PV-24-mars-2025.pdf\" target=\"_blank\" rel=\"noreferrer noopener\"><img decoding=\"async\" style=\"width: 20px;\" src=\"http:\/\/ville-naves.fr\/wp-content\/uploads\/application_pdf.png\" alt=\"\"> Proc\u00e8s Verbal du Conseil Municipal du 24 mars 2025<\/a><\/div>\n\n\n\n<div class=\"wp-block-file\"><a id=\"wp-block-file--media-932a8982-f040-4ea5-bbf9-b3489db5fa7f\" href=\"http:\/\/ville-naves.fr\/wp-content\/uploads\/CR03PV-06-mars-2025-ns.pdf\" target=\"_blank\" rel=\"noreferrer noopener\"><img decoding=\"async\" style=\"width: 20px;\" src=\"http:\/\/ville-naves.fr\/wp-content\/uploads\/application_pdf.png\" alt=\"\"> Proc\u00e8s Verbal du Conseil Municipal du 6 mars 2025<\/a><\/div>\n\n\n\n<div class=\"wp-block-file\"><a id=\"wp-block-file--media-1d806c35-aad8-4d25-b321-71a100439a1c\" href=\"http:\/\/ville-naves.fr\/wp-content\/uploads\/CR02PV-06-fevrier-2025.pdf\" target=\"_blank\" rel=\"noreferrer noopener\"><img decoding=\"async\" style=\"width: 20px;\" src=\"http:\/\/ville-naves.fr\/wp-content\/uploads\/application_pdf.png\" alt=\"\"> Proc\u00e8s Verbal du Conseil Municipal du 6 f\u00e9vrier 2025<\/a><\/div>\n\n\n\n<div class=\"wp-block-file\"><a id=\"wp-block-file--media-405e49d4-d673-4c16-9b9b-4d55b9418577\" href=\"http:\/\/ville-naves.fr\/wp-content\/uploads\/CR01PV-09-janvier-2025.pdf\" target=\"_blank\" rel=\"noreferrer noopener\"><img decoding=\"async\" style=\"width: 20px;\" src=\"http:\/\/ville-naves.fr\/wp-content\/uploads\/application_pdf.png\" alt=\"\"> Proc\u00e8s Verbal du Conseil Municipal du 9 janvier 2025<\/a><\/div>\n\n\n\n<h2 class=\"wp-block-heading\">2024<\/h2>\n\n\n\n<div class=\"wp-block-file\"><a href=\"http:\/\/ville-naves.fr\/wp-content\/uploads\/CR12PV-05-decembre-2024.pdf\" target=\"_blank\" rel=\"noreferrer noopener\"><img decoding=\"async\" src=\"http:\/\/ville-naves.fr\/wp-content\/uploads\/application_pdf.png\" alt=\"\" style=\"width: 20px;\"> Proc\u00e8s verbal du Conseil Municipal du 5 d\u00e9cembre 2024<\/a><\/div>\n\n\n\n<div class=\"wp-block-file\"><a href=\"http:\/\/ville-naves.fr\/wp-content\/uploads\/CR11PV-29-novembre-2024.pdf\" target=\"_blank\" rel=\"noreferrer noopener\"><img decoding=\"async\" src=\"http:\/\/ville-naves.fr\/wp-content\/uploads\/application_pdf.png\" alt=\"\" style=\"width: 20px;\"> Proc\u00e8s verbal du Conseil Municipal du 29 novembre 2024<\/a><\/div>\n\n\n\n<div class=\"wp-block-file\"><a href=\"http:\/\/ville-naves.fr\/wp-content\/uploads\/CR10PV-10-octobre-2024.pdf\" target=\"_blank\" rel=\"noreferrer noopener\"><img decoding=\"async\" src=\"http:\/\/ville-naves.fr\/wp-content\/uploads\/application_pdf.png\" alt=\"\" style=\"width: 20px;\"> Proc\u00e8s verbal du Conseil Municipal du 10 octobre 2024<\/a><\/div>\n\n\n\n<div class=\"wp-block-file\"><a href=\"http:\/\/ville-naves.fr\/wp-content\/uploads\/CR09PV-05-septembre-2024.pdf\" target=\"_blank\" rel=\"noreferrer noopener\"><img decoding=\"async\" src=\"http:\/\/ville-naves.fr\/wp-content\/uploads\/application_pdf.png\" alt=\"\" style=\"width: 20px;\"> Proc\u00e8s verbal du Conseil Municipal du 5 septembre 2024<\/a><\/div>\n\n\n\n<div class=\"wp-block-file\"><a href=\"http:\/\/ville-naves.fr\/wp-content\/uploads\/CR07PV-04-juillet-2024.pdf\" target=\"_blank\" rel=\"noreferrer noopener\"><img decoding=\"async\" src=\"http:\/\/ville-naves.fr\/wp-content\/uploads\/application_pdf.png\" alt=\"\" style=\"width: 20px;\"> Proc\u00e8s verbal du Conseil Municipal du 4 juillet 2024<\/a><\/div>\n\n\n\n<div class=\"wp-block-file\"><a href=\"http:\/\/ville-naves.fr\/wp-content\/uploads\/PVCR-13-juin-2024.pdf\" target=\"_blank\" rel=\"noreferrer noopener\"><img decoding=\"async\" src=\"http:\/\/ville-naves.fr\/wp-content\/uploads\/application_pdf.png\" alt=\"\" style=\"width: 20px;\"> Proc\u00e8s verbal du Conseil Municipal du 13 juin 2024<\/a><\/div>\n\n\n\n<div class=\"wp-block-file\"><a href=\"http:\/\/ville-naves.fr\/wp-content\/uploads\/CR05PV-07-mai-2024.pdf\" target=\"_blank\" rel=\"noreferrer noopener\"><img decoding=\"async\" src=\"http:\/\/ville-naves.fr\/wp-content\/uploads\/application_pdf.png\" alt=\"\" style=\"width: 20px;\"> Proc\u00e8s verbal du Conseil Municipal du 7 mai 2024<\/a><\/div>\n\n\n\n<div class=\"wp-block-file\"><a href=\"http:\/\/ville-naves.fr\/wp-content\/uploads\/CR04PV-03-avril-2024.pdf\" target=\"_blank\" rel=\"noreferrer noopener\"><img decoding=\"async\" src=\"http:\/\/ville-naves.fr\/wp-content\/uploads\/application_pdf.png\" alt=\"\" style=\"width: 20px;\"> Proc\u00e8s verbal du Conseil Municipal du 3 avril 2024<\/a><\/div>\n\n\n\n<div class=\"wp-block-file\"><a href=\"http:\/\/ville-naves.fr\/wp-content\/uploads\/CR03PV-28-mars-2024.pdf\" target=\"_blank\" rel=\"noreferrer noopener\"><img decoding=\"async\" src=\"http:\/\/ville-naves.fr\/wp-content\/uploads\/application_pdf.png\" alt=\"\" style=\"width: 20px;\"> Proc\u00e8s verbal du Conseil Municipal du 28 mars 2024<\/a><\/div>\n\n\n\n<div class=\"wp-block-file\"><a href=\"http:\/\/ville-naves.fr\/wp-content\/uploads\/CR02PV-08-fevrier-2024.pdf\" target=\"_blank\" rel=\"noreferrer noopener\"><img decoding=\"async\" src=\"http:\/\/ville-naves.fr\/wp-content\/uploads\/application_pdf.png\" alt=\"\" style=\"width: 20px;\"> Proc\u00e8s verbal du Conseil Municipal du 8 f\u00e9vrier 2024<\/a><\/div>\n\n\n\n<div class=\"wp-block-file\"><a href=\"http:\/\/ville-naves.fr\/wp-content\/uploads\/CR01PV-11-janvier-2024.pdf\" target=\"_blank\" rel=\"noreferrer noopener\"><img decoding=\"async\" src=\"http:\/\/ville-naves.fr\/wp-content\/uploads\/application_pdf.png\" alt=\"\" style=\"width: 20px;\"> Proc\u00e8s verbal du Conseil Municipal du 11 janvier 2024<\/a><\/div>\n\n\n\n<h2 class=\"wp-block-heading\">2023<\/h2>\n\n\n\n<p><\/p>\n\n\n\n<div class=\"wp-block-file\"><a href=\"http:\/\/ville-naves.fr\/wp-content\/uploads\/2023-12-07_PVCM.pdf\" target=\"_blank\" rel=\"noreferrer noopener\"><img decoding=\"async\" src=\"http:\/\/ville-naves.fr\/wp-content\/uploads\/application_pdf.png\" alt=\"\" style=\"width: 20px;\"> Proc\u00e8s verbal du Conseil Municipal du 7 d\u00e9cembre 2023<\/a><\/div>\n\n\n\n<div class=\"wp-block-file\"><a href=\"http:\/\/ville-naves.fr\/wp-content\/uploads\/2023-11-09_PVCM.pdf\" target=\"_blank\" rel=\"noreferrer noopener\"><img decoding=\"async\" src=\"http:\/\/ville-naves.fr\/wp-content\/uploads\/application_pdf.png\" alt=\"\" style=\"width: 20px;\"> Proc\u00e8s verbal du Conseil Municipal du 9 novembre 2023<\/a><\/div>\n\n\n\n<div class=\"wp-block-file\"><a href=\"http:\/\/ville-naves.fr\/wp-content\/uploads\/2023-10-12_PVCM.pdf\" target=\"_blank\" rel=\"noreferrer noopener\"><img decoding=\"async\" src=\"http:\/\/ville-naves.fr\/wp-content\/uploads\/application_pdf.png\" alt=\"\" style=\"width: 20px;\"> Proc\u00e8s verbal du Conseil Municipal du 12 octobre 2023<\/a><\/div>\n\n\n\n<div class=\"wp-block-file\"><a href=\"http:\/\/ville-naves.fr\/wp-content\/uploads\/2023-09-07_PVCM.pdf\" target=\"_blank\" rel=\"noreferrer noopener\"><img decoding=\"async\" src=\"http:\/\/ville-naves.fr\/wp-content\/uploads\/application_pdf.png\" alt=\"\" style=\"width: 20px;\"> Proc\u00e8s verbal du Conseil Municipal du 7 septembre 2023<\/a><\/div>\n\n\n\n<div class=\"wp-block-file\"><a href=\"http:\/\/ville-naves.fr\/wp-content\/uploads\/2023-07-06_PVCM.pdf\" target=\"_blank\" rel=\"noreferrer noopener\"><img decoding=\"async\" src=\"http:\/\/ville-naves.fr\/wp-content\/uploads\/application_pdf.png\" alt=\"\" style=\"width: 20px;\"> Proc\u00e8s verbal du Conseil Municipal du 6 juillet 2023<\/a><\/div>\n\n\n\n<div class=\"wp-block-file\"><a href=\"http:\/\/ville-naves.fr\/wp-content\/uploads\/2023-06-08_PVCM.pdf\" target=\"_blank\" rel=\"noreferrer noopener\"><img decoding=\"async\" src=\"http:\/\/ville-naves.fr\/wp-content\/uploads\/application_pdf.png\" alt=\"\" style=\"width: 20px;\"> Proc\u00e8s verbal du Conseil Municipal du 8 juin 2023<\/a><\/div>\n\n\n\n<div class=\"wp-block-file\"><a href=\"http:\/\/ville-naves.fr\/wp-content\/uploads\/2023-04-13_PVCM.pdf\" target=\"_blank\" rel=\"noreferrer noopener\"><img decoding=\"async\" src=\"http:\/\/ville-naves.fr\/wp-content\/uploads\/application_pdf.png\" alt=\"\" style=\"width: 20px;\"> Proc\u00e8s verbal du Conseil Municipal du 13 avril 2023<\/a><\/div>\n\n\n\n<div class=\"wp-block-file\"><a href=\"http:\/\/ville-naves.fr\/wp-content\/uploads\/2023-03-09_CRCM.pdf\" target=\"_blank\" rel=\"noreferrer noopener\"><img decoding=\"async\" src=\"http:\/\/ville-naves.fr\/wp-content\/uploads\/application_pdf.png\" alt=\"\" style=\"width: 20px;\"> Compte rendu du Conseil Municipal du 9 mars 2023<\/a><\/div>\n\n\n\n<div class=\"wp-block-file\"><a href=\"http:\/\/ville-naves.fr\/wp-content\/uploads\/2023-02-09_CRCM.pdf\" target=\"_blank\" rel=\"noreferrer noopener\"><img loading=\"lazy\" decoding=\"async\" width=\"20\" height=\"20\" class=\"wp-image-3588\" style=\"width: 20px;\" src=\"http:\/\/ville-naves.fr\/wp-content\/uploads\/application_pdf.png\" alt=\"\"> Compte rendu du Conseil Municipal du 9 f\u00e9vrier 2023<\/a><\/div>\n\n\n\n<div class=\"wp-block-file\"><a href=\"http:\/\/ville-naves.fr\/wp-content\/uploads\/2023-01-05_CRCM.pdf\" target=\"_blank\" rel=\"noreferrer noopener\"><img decoding=\"async\" src=\"http:\/\/ville-naves.fr\/wp-content\/uploads\/application_pdf.png\" alt=\"\" style=\"width: 20px;\"> Compte rendu du Conseil Municipal du 5 janvier 2023<\/a><\/div>\n\n\n\n<h2 class=\"wp-block-heading\">2022<\/h2>\n\n\n\n<div class=\"wp-block-file\"><a href=\"http:\/\/ville-naves.fr\/wp-content\/uploads\/2022-12-08_CRCM.pdf\" target=\"_blank\" rel=\"noreferrer noopener\"><img loading=\"lazy\" decoding=\"async\" width=\"20\" height=\"20\" class=\"wp-image-3588\" style=\"width: 20px;\" src=\"http:\/\/ville-naves.fr\/wp-content\/uploads\/application_pdf.png\" alt=\"\"> Compte rendu du Conseil Municipal du 8 d\u00e9cembre 2022<\/a><\/div>\n\n\n\n<div class=\"wp-block-file\"><a href=\"http:\/\/ville-naves.fr\/wp-content\/uploads\/2022-11-03_CRCM.pdf\" target=\"_blank\" rel=\"noreferrer noopener\"><img loading=\"lazy\" decoding=\"async\" width=\"20\" height=\"20\" class=\"wp-image-3588\" style=\"width: 20px;\" src=\"http:\/\/ville-naves.fr\/wp-content\/uploads\/application_pdf.png\" alt=\"\"> Compte rendu du Conseil Municipal du 3 novembre 2022<\/a><\/div>\n\n\n\n<div class=\"wp-block-file\"><a href=\"http:\/\/ville-naves.fr\/wp-content\/uploads\/2022-10-06_CRCM.pdf\" target=\"_blank\" rel=\"noreferrer noopener\"><img loading=\"lazy\" decoding=\"async\" width=\"20\" height=\"20\" class=\"wp-image-3588\" style=\"width: 20px;\" src=\"http:\/\/ville-naves.fr\/wp-content\/uploads\/application_pdf.png\" alt=\"\"> Compte rendu du Conseil Municipal du 6 octobre 2022<\/a><\/div>\n\n\n\n<div class=\"wp-block-file\"><a href=\"http:\/\/ville-naves.fr\/wp-content\/uploads\/2022-09-15_CRCM.pdf\"><img loading=\"lazy\" decoding=\"async\" width=\"20\" height=\"20\" class=\"wp-image-3588\" style=\"width: 20px;\" src=\"http:\/\/ville-naves.fr\/wp-content\/uploads\/application_pdf.png\" alt=\"\"> Compte rendu du Conseil Municipal du 15 septembre 2022<\/a><\/div>\n\n\n\n<div class=\"wp-block-file\"><a href=\"http:\/\/ville-naves.fr\/wp-content\/uploads\/2022-08-04_CRCM.pdf\" target=\"_blank\" rel=\"noreferrer noopener\"><img loading=\"lazy\" decoding=\"async\" width=\"20\" height=\"20\" class=\"wp-image-3588\" style=\"width: 20px;\" src=\"http:\/\/ville-naves.fr\/wp-content\/uploads\/application_pdf.png\" alt=\"\"> Compte rendu du Conseil Municipal du 4 aout 2022<\/a><\/div>\n\n\n\n<div class=\"wp-block-file\"><a href=\"http:\/\/ville-naves.fr\/wp-content\/uploads\/2022-07-08_CRCM.pdf\" target=\"_blank\" rel=\"noreferrer noopener\"><img decoding=\"async\" src=\"http:\/\/ville-naves.fr\/wp-content\/uploads\/application_pdf.png\" alt=\"\" style=\"width: 20px;\"> Compte rendu du Conseil Municipal du 8 juillet 2022<\/a><\/div>\n\n\n\n<div class=\"wp-block-file\"><a href=\"http:\/\/ville-naves.fr\/wp-content\/uploads\/2022-06-09_CRCM.pdf\" target=\"_blank\" rel=\"noreferrer noopener\"><img decoding=\"async\" src=\"http:\/\/ville-naves.fr\/wp-content\/uploads\/application_pdf.png\" alt=\"\" style=\"width: 20px;\"> Compte rendu du Conseil Municipal du 9 juin 2022<\/a><\/div>\n\n\n\n<div class=\"wp-block-file\"><a href=\"http:\/\/ville-naves.fr\/wp-content\/uploads\/2022-05-05_CRCM.pdf\" target=\"_blank\" rel=\"noreferrer noopener\"><img loading=\"lazy\" decoding=\"async\" width=\"20\" height=\"20\" class=\"wp-image-3588\" style=\"width: 20px;\" src=\"http:\/\/ville-naves.fr\/wp-content\/uploads\/application_pdf.png\" alt=\"\"> Compte rendu du Conseil Municipal du 5 mai 2022<\/a><\/div>\n\n\n\n<div class=\"wp-block-file\"><a href=\"http:\/\/ville-naves.fr\/wp-content\/uploads\/2022-04-07_CRCM.pdf\" target=\"_blank\" rel=\"noreferrer noopener\"><img decoding=\"async\" src=\"http:\/\/ville-naves.fr\/wp-content\/uploads\/application_pdf.png\" alt=\"\" style=\"width: 20px;\"> Compte rendu du Conseil municipal du 7 avril 2022<\/a><\/div>\n\n\n\n<div class=\"wp-block-file\"><a href=\"http:\/\/ville-naves.fr\/wp-content\/uploads\/2022-03-25_CRCM.pdf\" target=\"_blank\" rel=\"noreferrer noopener\"><img decoding=\"async\" src=\"http:\/\/ville-naves.fr\/wp-content\/uploads\/application_pdf.png\" alt=\"\" style=\"width: 20px;\"> Compte rendu du Conseil municipal du 25 mars 2022<\/a><\/div>\n\n\n\n<div class=\"wp-block-file\"><a href=\"http:\/\/ville-naves.fr\/wp-content\/uploads\/2022-03-03_CRCM.pdf\" target=\"_blank\" rel=\"noreferrer noopener\"><img decoding=\"async\" src=\"http:\/\/ville-naves.fr\/wp-content\/uploads\/application_pdf.png\" alt=\"\" style=\"width: 20px;\"> Compte rendu du Conseil municipal du 3 mars 2022<\/a><\/div>\n\n\n\n<div class=\"wp-block-file\"><a href=\"http:\/\/ville-naves.fr\/wp-content\/uploads\/2022-02-10_CRCM.pdf\" target=\"_blank\" rel=\"noreferrer noopener\"><img decoding=\"async\" src=\"http:\/\/ville-naves.fr\/wp-content\/uploads\/application_pdf.png\" alt=\"\" style=\"width: 20px;\"> Compte rendu du Conseil municipal du 10 f\u00e9vrier 2022<\/a><\/div>\n\n\n\n<div class=\"wp-block-file\"><a href=\"http:\/\/ville-naves.fr\/wp-content\/uploads\/2022-01-06_CRCM.pdf\" target=\"_blank\" rel=\"noreferrer noopener\"><img decoding=\"async\" src=\"http:\/\/ville-naves.fr\/wp-content\/uploads\/application_pdf.png\" alt=\"\" style=\"width: 20px;\"> Compte rendu du Conseil municipal du 6 janvier 2022<\/a><\/div>\n\n\n\n<div class=\"wp-block-group is-layout-flow wp-block-group-is-layout-flow\">\n<h2 class=\"wp-block-heading\">2021<\/h2>\n\n\n\n<div class=\"wp-block-file\"><a href=\"http:\/\/ville-naves.fr\/wp-content\/uploads\/2021-12-09_CRCM.pdf\" target=\"_blank\" rel=\"noreferrer noopener\"><img loading=\"lazy\" decoding=\"async\" width=\"20\" height=\"20\" class=\"wp-image-3588\" style=\"width: 20px;\" src=\"http:\/\/ville-naves.fr\/wp-content\/uploads\/application_pdf.png\" alt=\"\"> Compte rendu du Conseil municipal du 9 d\u00e9cembre 2021<\/a><\/div>\n\n\n\n<div class=\"wp-block-file\"><a href=\"http:\/\/ville-naves.fr\/wp-content\/uploads\/2021-11-04_CRCM.pdf\" target=\"_blank\" rel=\"noreferrer noopener\"><img loading=\"lazy\" decoding=\"async\" width=\"20\" height=\"20\" class=\"wp-image-3588\" style=\"width: 20px;\" src=\"http:\/\/ville-naves.fr\/wp-content\/uploads\/application_pdf.png\" alt=\"\"> Compte rendu du Conseil municipal du 4 novembre 2021<\/a><\/div>\n\n\n\n<div class=\"wp-block-file\"><a href=\"http:\/\/ville-naves.fr\/wp-content\/uploads\/2021-10-07_CRCM.pdf\" target=\"_blank\" rel=\"noreferrer noopener\"><img decoding=\"async\" src=\"http:\/\/ville-naves.fr\/wp-content\/uploads\/application_pdf.png\" alt=\"\" style=\"width: 20px;\"> Compte rendu du Conseil municipal du 7 octobre 2021<\/a><\/div>\n\n\n\n<div class=\"wp-block-file\"><a href=\"http:\/\/ville-naves.fr\/wp-content\/uploads\/2021-09-03_CRCM.pdf\" target=\"_blank\" rel=\"noreferrer noopener\"><img decoding=\"async\" src=\"http:\/\/ville-naves.fr\/wp-content\/uploads\/application_pdf.png\" alt=\"\" style=\"width: 20px;\"> Compte rendu du Conseil municipal du 3 septembre 2021<\/a><\/div>\n\n\n\n<div class=\"wp-block-file\"><a href=\"http:\/\/ville-naves.fr\/wp-content\/uploads\/2021-07-08_CRCM.pdf\" target=\"_blank\" rel=\"noreferrer noopener\"><img loading=\"lazy\" decoding=\"async\" width=\"20\" height=\"20\" class=\"wp-image-3588\" style=\"width: 20px;\" src=\"http:\/\/ville-naves.fr\/wp-content\/uploads\/application_pdf.png\" alt=\"\"> Compte rendu du Conseil municipal du 8 juillet 2021<\/a><\/div>\n\n\n\n<div class=\"wp-block-file\"><a href=\"http:\/\/ville-naves.fr\/wp-content\/uploads\/2021-06-03_CRCM.pdf\" target=\"_blank\" rel=\"noreferrer noopener\"><img loading=\"lazy\" decoding=\"async\" width=\"20\" height=\"20\" class=\"wp-image-3588\" style=\"width: 20px;\" src=\"http:\/\/ville-naves.fr\/wp-content\/uploads\/application_pdf.png\" alt=\"\"> Compte rendu du Conseil municipal du 3 juin 2021<\/a><\/div>\n\n\n\n<div class=\"wp-block-file\"><a href=\"http:\/\/ville-naves.fr\/wp-content\/uploads\/2021-05-06_CRCM.pdf\" target=\"_blank\" rel=\"noreferrer noopener\"><img decoding=\"async\" src=\"http:\/\/ville-naves.fr\/wp-content\/uploads\/application_pdf.png\" alt=\"\" style=\"width: 20px;\"> Compte rendu du Conseil municipal du 6 mai 2021<\/a><\/div>\n\n\n\n<div class=\"wp-block-file\"><a href=\"http:\/\/ville-naves.fr\/wp-content\/uploads\/2021-04-08_CRCM.pdf\" target=\"_blank\" rel=\"noreferrer noopener\"><img decoding=\"async\" src=\"http:\/\/ville-naves.fr\/wp-content\/uploads\/application_pdf.png\" alt=\"\" style=\"width: 20px;\"> Compte rendu du Conseil municipal du 8 avril 2021<\/a><\/div>\n\n\n\n<div class=\"wp-block-file\"><a href=\"http:\/\/ville-naves.fr\/wp-content\/uploads\/2021-03-04_CRCM.pdf\" target=\"_blank\" rel=\"noreferrer noopener\"><img decoding=\"async\" src=\"http:\/\/ville-naves.fr\/wp-content\/uploads\/application_pdf.png\" alt=\"\" style=\"width: 20px;\"> Compte rendu du Conseil municipal du 4 mars 2021<\/a><\/div>\n\n\n\n<div class=\"wp-block-file\"><a href=\"http:\/\/ville-naves.fr\/wp-content\/uploads\/2021-02-11_CRCM.pdf\" target=\"_blank\" rel=\"noreferrer noopener\"><img loading=\"lazy\" decoding=\"async\" width=\"20\" height=\"20\" class=\"wp-image-3588\" style=\"width: 20px;\" src=\"http:\/\/ville-naves.fr\/wp-content\/uploads\/application_pdf.png\" alt=\"\"> Compte rendu du Conseil municipal du 11 f\u00e9vrier 2021<\/a><\/div>\n\n\n\n<div class=\"wp-block-file\"><a href=\"http:\/\/ville-naves.fr\/wp-content\/uploads\/2021-01-14_CRCM.pdf\" target=\"_blank\" rel=\"noreferrer noopener\"><img loading=\"lazy\" decoding=\"async\" width=\"20\" height=\"20\" class=\"wp-image-3588\" style=\"width: 20px;\" src=\"http:\/\/ville-naves.fr\/wp-content\/uploads\/application_pdf.png\" alt=\"\"> Compte rendu du Conseil municipal du 14 janvier 2021<\/a><\/div>\n\n\n\n<p><\/p>\n<\/div>\n\n\n\n<div class=\"wp-block-group is-layout-flow wp-block-group-is-layout-flow\">\n<h2 class=\"wp-block-heading\">2020<\/h2>\n\n\n\n<div class=\"wp-block-file\"><a href=\"http:\/\/ville-naves.fr\/wp-content\/uploads\/2020-12-03_CRCM.pdf\" target=\"_blank\" rel=\"noreferrer noopener\"><img decoding=\"async\" src=\"http:\/\/ville-naves.fr\/wp-content\/uploads\/application_pdf.png\" alt=\"\" style=\"width: 20px;\"> Compte rendu du Conseil municipal du 3 d\u00e9cembre 2020<\/a><\/div>\n\n\n\n<div class=\"wp-block-file\"><a href=\"http:\/\/ville-naves.fr\/wp-content\/uploads\/2020-11-05_CRCM.pdf\" target=\"_blank\" rel=\"noreferrer noopener\"><img decoding=\"async\" src=\"http:\/\/ville-naves.fr\/wp-content\/uploads\/application_pdf.png\" alt=\"\" style=\"width: 20px;\"> Compte rendu du Conseil municipal du 6 novembre 2020<\/a><\/div>\n\n\n\n<div class=\"wp-block-file\"><a href=\"http:\/\/ville-naves.fr\/wp-content\/uploads\/2020-10-08_CRCM.pdf\" target=\"_blank\" rel=\"noreferrer noopener\"><img decoding=\"async\" src=\"http:\/\/ville-naves.fr\/wp-content\/uploads\/application_pdf.png\" alt=\"\" style=\"width: 20px;\"> Compte rendu du Conseil municipal du 8 octobre 2020<\/a><\/div>\n\n\n\n<div class=\"wp-block-file\"><a href=\"http:\/\/ville-naves.fr\/wp-content\/uploads\/2020-09-03_CRCM.pdf\" target=\"_blank\" rel=\"noreferrer noopener\"><img decoding=\"async\" src=\"http:\/\/ville-naves.fr\/wp-content\/uploads\/application_pdf.png\" alt=\"\" style=\"width: 20px;\"> Compte rendu du Conseil municipal du 3 septembre 2020<\/a><\/div>\n\n\n\n<div class=\"wp-block-file\"><a href=\"http:\/\/ville-naves.fr\/wp-content\/uploads\/2020-07-10_CRCM.pdf\" target=\"_blank\" rel=\"noreferrer noopener\"><img decoding=\"async\" src=\"http:\/\/ville-naves.fr\/wp-content\/uploads\/application_pdf.png\" alt=\"\" style=\"width: 20px;\"> Compte rendu du Conseil municipal du 10 juillet 2020<\/a><\/div>\n\n\n\n<div class=\"wp-block-file\"><a href=\"http:\/\/ville-naves.fr\/wp-content\/uploads\/2020-07-02_CRCM.pdf\" target=\"_blank\" rel=\"noreferrer noopener\"><img decoding=\"async\" src=\"http:\/\/ville-naves.fr\/wp-content\/uploads\/application_pdf.png\" alt=\"\" style=\"width: 20px;\"> Compte rendu du Conseil municipal du 2 juillet 2020<\/a><\/div>\n\n\n\n<div class=\"wp-block-file\"><a href=\"http:\/\/ville-naves.fr\/wp-content\/uploads\/2020-06-11_CRCM.pdf\" target=\"_blank\" rel=\"noreferrer noopener\"><img decoding=\"async\" src=\"http:\/\/ville-naves.fr\/wp-content\/uploads\/application_pdf.png\" alt=\"\" style=\"width: 20px;\">Compte rendu du Conseil municipal du 11 juin 2020<\/a><\/div>\n\n\n\n<p><\/p>\n<\/div>\n\n\n\n<div class=\"wp-block-group is-layout-flow wp-block-group-is-layout-flow\">\n<p><\/p>\n\n\n\n<p><\/p>\n<\/div>\n\n\n\n<p><\/p>\n<!-- wpsso rrssb get buttons: buttons on archive option not enabled -->\n","protected":false},"excerpt":{"rendered":"<p>En application de l&rsquo;article L2121-25 du Code G\u00e9n\u00e9ral des Collectivit\u00e9s Territoriales, le compte rendu est affich\u00e9 en mairie et sur le site internet de la commune sous un d\u00e9lai d&rsquo;une semaine 2025 2024 2023 2022 2021 2020<\/p>\n","protected":false},"author":3,"featured_media":0,"parent":0,"menu_order":0,"comment_status":"closed","ping_status":"closed","template":"","meta":{"footnotes":""},"class_list":["post-3587","page","type-page","status-publish","hentry"],"_links":{"self":[{"href":"http:\/\/ville-naves.fr\/index.php?rest_route=\/wp\/v2\/pages\/3587","targetHints":{"allow":["GET"]}}],"collection":[{"href":"http:\/\/ville-naves.fr\/index.php?rest_route=\/wp\/v2\/pages"}],"about":[{"href":"http:\/\/ville-naves.fr\/index.php?rest_route=\/wp\/v2\/types\/page"}],"author":[{"embeddable":true,"href":"http:\/\/ville-naves.fr\/index.php?rest_route=\/wp\/v2\/users\/3"}],"replies":[{"embeddable":true,"href":"http:\/\/ville-naves.fr\/index.php?rest_route=%2Fwp%2Fv2%2Fcomments&post=3587"}],"version-history":[{"count":28,"href":"http:\/\/ville-naves.fr\/index.php?rest_route=\/wp\/v2\/pages\/3587\/revisions"}],"predecessor-version":[{"id":4713,"href":"http:\/\/ville-naves.fr\/index.php?rest_route=\/wp\/v2\/pages\/3587\/revisions\/4713"}],"wp:attachment":[{"href":"http:\/\/ville-naves.fr\/index.php?rest_route=%2Fwp%2Fv2%2Fmedia&parent=3587"}],"curies":[{"name":"wp","href":"https:\/\/api.w.org\/{rel}","templated":true}]}}