{"id":3666,"date":"2021-02-14T22:22:34","date_gmt":"2021-02-14T21:22:34","guid":{"rendered":"http:\/\/www.ville-naves.fr\/?page_id=3666"},"modified":"2021-02-14T22:22:36","modified_gmt":"2021-02-14T21:22:36","slug":"information-sur-les-taxes-durbanisme","status":"publish","type":"page","link":"http:\/\/ville-naves.fr\/?page_id=3666","title":{"rendered":"Information sur les taxes d&rsquo;urbanisme"},"content":{"rendered":"\n<p>Suite \u00e0 une autorisation de construire, vous \u00eates redevable de la Taxe d\u2019Am\u00e9nagement (T.A.) et de la Redevance d\u2019Arch\u00e9ologie Pr\u00e9ventive (R.A.P.).<\/p>\n\n\n\n<p><strong>La Taxe d\u2019Am\u00e9nagement (T.A.)<\/strong> est institu\u00e9e :<br>      <strong>Taxe d&rsquo;am\u00e9nagement d\u00e9partementale :<\/strong> par le conseil d\u00e9partemental afin de financer des actions en faveur de la pr\u00e9servation de l\u2019environnement,<br>     <strong>Taxe d&rsquo;am\u00e9nagement communale :<\/strong> par les communes ou groupements de communes en vue de financer des \u00e9quipements publics.<br><br>La Taxe d\u2019Am\u00e9nagement a une vocation g\u00e9n\u00e9rale et n\u2019est pas sp\u00e9cifiquement affect\u00e9e \u00e0 l\u2019am\u00e9nagement d\u2019une rue ou d\u2019un quartier.<br><br><strong>La Redevance d\u2019Arch\u00e9ologie Pr\u00e9ventive (R.A.P.)<\/strong> s\u2019applique \u00e0 l\u2019ensemble des projets ayant un impact sur le sous-sol . Elle contribue au financement de l\u2019institut national de recherches arch\u00e9ologiques pr\u00e9ventives.<\/p>\n\n\n\n<div class=\"wp-block-file\"><a href=\"http:\/\/ville-naves.fr\/wp-content\/uploads\/Plaquette_ta_rap_V2021_v1.pdf\" target=\"_blank\" rel=\"noreferrer noopener\"><img loading=\"lazy\" decoding=\"async\" width=\"20\" height=\"20\" class=\"wp-image-3588\" style=\"width: 20px;\" src=\"http:\/\/ville-naves.fr\/wp-content\/uploads\/application_pdf.png\" alt=\"\">Plaquette d&rsquo;information et calcul de la TA &amp; RAP<\/a><\/div>\n\n\n\n<p>Sur Nav\u00e8s, le Taux de la TA communale est fix\u00e9 \u00e0 3%<br>Dans le Tarn, le Taux de la TA D\u00e9partementale est fix\u00e9 \u00e0 1,8%<br>Le taux de la Redevance d&rsquo;Arch\u00e9ologie Pr\u00e9ventive (R.A.P.) est fix\u00e9 \u00e0 0,4 % \u00e0 l&rsquo;\u00e9chelon national<\/p>\n<!-- wpsso rrssb get buttons: buttons on archive option not enabled -->\n","protected":false},"excerpt":{"rendered":"<p>Suite \u00e0 une autorisation de construire, vous \u00eates redevable de la Taxe d\u2019Am\u00e9nagement (T.A.) et de la Redevance d\u2019Arch\u00e9ologie Pr\u00e9ventive (R.A.P.). La Taxe d\u2019Am\u00e9nagement (T.A.) est institu\u00e9e : Taxe d&rsquo;am\u00e9nagement d\u00e9partementale : par le conseil d\u00e9partemental afin de financer des actions en faveur de la pr\u00e9servation de l\u2019environnement, Taxe d&rsquo;am\u00e9nagement communale : par les communes [&hellip;]<\/p>\n","protected":false},"author":3,"featured_media":0,"parent":0,"menu_order":0,"comment_status":"closed","ping_status":"closed","template":"","meta":{"footnotes":""},"class_list":["post-3666","page","type-page","status-publish","hentry"],"_links":{"self":[{"href":"http:\/\/ville-naves.fr\/index.php?rest_route=\/wp\/v2\/pages\/3666","targetHints":{"allow":["GET"]}}],"collection":[{"href":"http:\/\/ville-naves.fr\/index.php?rest_route=\/wp\/v2\/pages"}],"about":[{"href":"http:\/\/ville-naves.fr\/index.php?rest_route=\/wp\/v2\/types\/page"}],"author":[{"embeddable":true,"href":"http:\/\/ville-naves.fr\/index.php?rest_route=\/wp\/v2\/users\/3"}],"replies":[{"embeddable":true,"href":"http:\/\/ville-naves.fr\/index.php?rest_route=%2Fwp%2Fv2%2Fcomments&post=3666"}],"version-history":[{"count":3,"href":"http:\/\/ville-naves.fr\/index.php?rest_route=\/wp\/v2\/pages\/3666\/revisions"}],"predecessor-version":[{"id":3670,"href":"http:\/\/ville-naves.fr\/index.php?rest_route=\/wp\/v2\/pages\/3666\/revisions\/3670"}],"wp:attachment":[{"href":"http:\/\/ville-naves.fr\/index.php?rest_route=%2Fwp%2Fv2%2Fmedia&parent=3666"}],"curies":[{"name":"wp","href":"https:\/\/api.w.org\/{rel}","templated":true}]}}