{"id":3675,"date":"2021-02-21T22:15:14","date_gmt":"2021-02-21T21:15:14","guid":{"rendered":"http:\/\/www.ville-naves.fr\/?page_id=3675"},"modified":"2021-04-13T10:02:02","modified_gmt":"2021-04-13T09:02:02","slug":"association-des-parents-deleves-de-naves","status":"publish","type":"page","link":"http:\/\/ville-naves.fr\/?page_id=3675","title":{"rendered":"Association des Parents d\u2019\u00c9l\u00e8ves de Nav\u00e8s"},"content":{"rendered":"\n<p><strong>Cr\u00e9ation de l\u2019APEN<\/strong><\/p>\n\n\n\n<p>L\u2019APEN\u2026 Mais qu\u2019est-ce que c\u2019est&nbsp;?<\/p>\n\n\n\n<p>C\u2019est l\u2019Association des parents d\u2019\u00c9l\u00e8ves de Nav\u00e8s.<\/p>\n\n\n\n<p>N\u00e9e le 18 septembre dernier en r\u00e9ponse \u00e0 l\u2019appel du directeur de l\u2019\u00e9cole Mr. Gueguen, elle rassemble des parents de tous horizons, anim\u00e9s par l\u2019envie de s\u2019impliquer dans le pr\u00e9sent et l\u2019avenir des enfants de l\u2019\u00e9cole. De plus, sa cr\u00e9ation permet de formaliser une organisation pr\u00e9existante entre les enseignants et les d\u00e9l\u00e9gu\u00e9s de parents d\u2019\u00e9l\u00e8ves.<\/p>\n\n\n\n<p>L\u2019APEN s\u2019est donn\u00e9 pour objectifs&nbsp;: de d\u00e9velopper un lien privil\u00e9gi\u00e9 entre parents d\u00e9sireux de contribuer \u00e0 l\u2019\u00e9panouissement de leurs enfants&nbsp;; de renforcer le partenariat existant entre l\u2019\u00e9quipe enseignante et les parents en soutenant les projets et actions des enseignant&nbsp;; d\u2019organiser de mani\u00e8re b\u00e9n\u00e9vole des manifestations hors temps scolaire au b\u00e9n\u00e9fice des enfants.<\/p>\n\n\n\n<div class=\"wp-block-image is-style-default\"><figure class=\"alignleft size-large is-resized\"><img loading=\"lazy\" decoding=\"async\" src=\"http:\/\/ville-naves.fr\/wp-content\/uploads\/APEN.jpg\" alt=\"\" class=\"wp-image-3677\" width=\"122\" height=\"100\"\/><\/figure><\/div>\n\n\n\n<p>Le logo que nous avons imagin\u00e9 et choisi pour l\u2019APEN symbolise notre raison d\u2019\u00eatre&nbsp;: Parents et enseignants coop\u00e9rant pour le bien-\u00eatre et le d\u00e9veloppement pluriculturel de nos enfants.<\/p>\n\n\n\n<p>Comme l\u2019a dit Isaac Newton&nbsp;: \u00ab&nbsp;<em>Lorsque deux forces sont jointes, leur efficacit\u00e9 est double<\/em>&nbsp;\u00bb.<\/p>\n\n\n\n<p>La situation sanitaire actuelle rend compliqu\u00e9e l\u2019organisation des manifestations habituelles (loto, carnaval\u2026). C\u2019est le premier d\u00e9fi que l\u2019APEN doit relever&nbsp;: adapter le calendrier et le format de ces \u00e9v\u00e8nements attendus de tous pour se retrouver et \u00e9changer en fonctions des contraintes sanitaires.<\/p>\n\n\n\n<p>Nous profitons de l\u2019occasion pour lancer un appel \u00e0 tous les parents d\u2019\u00e9l\u00e8ves&nbsp;: le bien-\u00eatre de vos enfants vous pr\u00e9occupe&nbsp;? Vous avez envie de vous impliquer&nbsp;? Vous avez des id\u00e9es&nbsp;? Vous avez du temps (ponctuel ou r\u00e9gulier)&nbsp;?<\/p>\n\n\n\n<p>Alors rejoignez-nous et redoublons d\u2019effort pour nos enfants.<\/p>\n\n\n\n<p>Nous communiquerons principalement via l\u2019espace d\u2019affichage d\u00e9di\u00e9 \u00e0 l\u2019APEN au sein de l\u2019\u00e9cole et nous avons aussi en projet la cr\u00e9ation d\u2019une page <a href=\"https:\/\/www.facebook.com\/APEN-102792965059778\" target=\"_blank\" rel=\"noreferrer noopener\">Facebook<\/a>.<\/p>\n\n\n\n<p><strong>On compte sur vous&nbsp;!<\/strong><\/p>\n\n\n\n<p class=\"has-text-align-right\">Nicolas Van Eyken <em>Pr\u00e9sident<\/em><br>M\u00e9lanie Tourni\u00e9 <em>Secr\u00e9taire<\/em><br>Marl\u00e8ne Mercuri <em>Tr\u00e9sori\u00e8re<\/em><\/p>\n\n\n\n<p>Contact : apenaves@outlook.fr<\/p>\n<!-- wpsso rrssb get buttons: buttons on archive option not enabled -->\n","protected":false},"excerpt":{"rendered":"<p>Cr\u00e9ation de l\u2019APEN L\u2019APEN\u2026 Mais qu\u2019est-ce que c\u2019est&nbsp;? C\u2019est l\u2019Association des parents d\u2019\u00c9l\u00e8ves de Nav\u00e8s. N\u00e9e le 18 septembre dernier en r\u00e9ponse \u00e0 l\u2019appel du directeur de l\u2019\u00e9cole Mr. Gueguen, elle rassemble des parents de tous horizons, anim\u00e9s par l\u2019envie de s\u2019impliquer dans le pr\u00e9sent et l\u2019avenir des enfants de l\u2019\u00e9cole. De plus, sa cr\u00e9ation [&hellip;]<\/p>\n","protected":false},"author":3,"featured_media":0,"parent":0,"menu_order":0,"comment_status":"closed","ping_status":"closed","template":"","meta":{"footnotes":""},"class_list":["post-3675","page","type-page","status-publish","hentry"],"_links":{"self":[{"href":"http:\/\/ville-naves.fr\/index.php?rest_route=\/wp\/v2\/pages\/3675","targetHints":{"allow":["GET"]}}],"collection":[{"href":"http:\/\/ville-naves.fr\/index.php?rest_route=\/wp\/v2\/pages"}],"about":[{"href":"http:\/\/ville-naves.fr\/index.php?rest_route=\/wp\/v2\/types\/page"}],"author":[{"embeddable":true,"href":"http:\/\/ville-naves.fr\/index.php?rest_route=\/wp\/v2\/users\/3"}],"replies":[{"embeddable":true,"href":"http:\/\/ville-naves.fr\/index.php?rest_route=%2Fwp%2Fv2%2Fcomments&post=3675"}],"version-history":[{"count":5,"href":"http:\/\/ville-naves.fr\/index.php?rest_route=\/wp\/v2\/pages\/3675\/revisions"}],"predecessor-version":[{"id":3795,"href":"http:\/\/ville-naves.fr\/index.php?rest_route=\/wp\/v2\/pages\/3675\/revisions\/3795"}],"wp:attachment":[{"href":"http:\/\/ville-naves.fr\/index.php?rest_route=%2Fwp%2Fv2%2Fmedia&parent=3675"}],"curies":[{"name":"wp","href":"https:\/\/api.w.org\/{rel}","templated":true}]}}