{"id":376,"date":"2021-04-01T10:00:00","date_gmt":"2021-04-01T09:00:00","guid":{"rendered":"http:\/\/www.ville-naves.fr\/?page_id=376"},"modified":"2022-11-06T18:25:39","modified_gmt":"2022-11-06T17:25:39","slug":"nous-contacter","status":"publish","type":"page","link":"http:\/\/ville-naves.fr\/?page_id=376","title":{"rendered":"Contact"},"content":{"rendered":"\n<h2 class=\"wp-block-heading\">Adresse :<\/h2>\n\n\n\n<p>Mairie de Nav\u00e8s<br>1 Place de la Mairie <br>81710 NAV\u00c8S<\/p>\n\n\n\n<h2 class=\"wp-block-heading\">T\u00e9l\u00e9phone :<\/h2>\n\n\n\n<p>05 63 70 22 18<\/p>\n\n\n\n<h2 class=\"wp-block-heading\">Horaires d&rsquo;ouverture au public :<\/h2>\n\n\n\n<figure class=\"wp-block-table is-style-regular\"><table><thead><tr><th class=\"has-text-align-center\" data-align=\"center\">Secr\u00e9tariat de mairie<\/th><th class=\"has-text-align-center\" data-align=\"center\">Matin<\/th><th class=\"has-text-align-center\" data-align=\"center\">Apr\u00e8s-midi<\/th><\/tr><\/thead><tbody><tr><td class=\"has-text-align-center\" data-align=\"center\">Lundi<\/td><td class=\"has-text-align-center\" data-align=\"center\">8h00 &#8211; 12h00<\/td><td class=\"has-text-align-center\" data-align=\"center\">&#8211;<\/td><\/tr><tr><td class=\"has-text-align-center\" data-align=\"center\">Mardi<\/td><td class=\"has-text-align-center\" data-align=\"center\">8h00 &#8211; 12h00<\/td><td class=\"has-text-align-center\" data-align=\"center\">15h30 &#8211; 19h00<\/td><\/tr><tr><td class=\"has-text-align-center\" data-align=\"center\">Mercredi<\/td><td class=\"has-text-align-center\" data-align=\"center\"><\/td><td class=\"has-text-align-center\" data-align=\"center\"><\/td><\/tr><tr><td class=\"has-text-align-center\" data-align=\"center\">Jeudi<\/td><td class=\"has-text-align-center\" data-align=\"center\">&#8211;<\/td><td class=\"has-text-align-center\" data-align=\"center\">13h30 &#8211; 17h30<\/td><\/tr><tr><td class=\"has-text-align-center\" data-align=\"center\">Vendredi<\/td><td class=\"has-text-align-center\" data-align=\"center\">8h00 &#8211; 12h00<\/td><td class=\"has-text-align-center\" data-align=\"center\">15h30 &#8211; 19h00<\/td><\/tr><\/tbody><\/table><\/figure>\n\n\n\n<hr class=\"wp-block-separator\"\/>\n\n\n\n<h2 class=\"wp-block-heading\">Envoyer un messsage :<\/h2>\n\n\n\n<p>Ce formulaire vous permet de contacter un repr\u00e9sentant de la Mairie de Nav\u00e8s.<br><\/p>\n\n\n\n<p>Merci de bien veiller \u00e0 renseigner les champs obligatoires.<\/p>\n\n\n\n\n<!-- Fast Secure Contact Form plugin 4.0.52 - begin - FastSecureContactForm.com -->\r\n<div style=\"clear:both;\"><\/div>\n<p>Vos commentaires sont les bienvenus, merci.<\/p>\r\n<div id=\"FSContact1\" style=\"width:375px;\">\r\n<form enctype=\"multipart\/form-data\" action=\"http:\/\/ville-naves.fr\/index.php?rest_route=%2Fwp%2Fv2%2Fpages%2F376#FSContact1\" id=\"fscf_form1\" method=\"post\">\r\n\n<div id=\"fscf_required1\">\n  <span style=\"text-align:left;\">*<\/span> <span style=\"text-align:left;\">indique un champ requis<\/span>\n<\/div>\n\n\n<div id=\"fscf_div_clear1_0\" style=\"clear:both;\">\n  <div id=\"fscf_div_field1_0\" style=\"clear:left; float:left; width:99%; max-width:550px; margin-right:10px;\">\r\n    <div style=\"text-align:left; padding-top:5px;\">\n      <label style=\"text-align:left;\" for=\"fscf_name1\">Votre nom:<span style=\"text-align:left;\">*<\/span><\/label>\n    <\/div>\r\n    <div style=\"text-align:left;\">\r\n      <input style=\"text-align:left; margin:0;\" type=\"text\" id=\"fscf_name1\" name=\"full_name\" value=\"\"  \/>\r\n    <\/div>\r\n  <\/div>\n<\/div>\n\n<div id=\"fscf_div_clear1_1\" style=\"clear:both;\">\n  <div id=\"fscf_div_field1_1\" style=\"clear:left; float:left; width:99%; max-width:550px; margin-right:10px;\">\n    <div style=\"text-align:left; padding-top:5px;\">\n      <label style=\"text-align:left;\" for=\"fscf_email1\">Votre e-mail:<span style=\"text-align:left;\">*<\/span><\/label>\n    <\/div>\n    <div style=\"text-align:left;\">\n      <input style=\"text-align:left; margin:0;\" type=\"text\" id=\"fscf_email1\" name=\"email\" value=\"\"  \/>\n    <\/div>\n  <\/div>\n<\/div>\n\n<div id=\"fscf_div_clear1_2\" style=\"clear:both;\">\n  <div id=\"fscf_div_field1_2\" style=\"clear:left; float:left; width:99%; max-width:550px; margin-right:10px;\">\n    <div style=\"text-align:left; padding-top:5px;\">\n      <label style=\"text-align:left;\" for=\"fscf_field1_2\">Sujet<span style=\"text-align:left;\">*<\/span><\/label>\n    <\/div>\n    <div style=\"text-align:left;\">\n      <input style=\"text-align:left; margin:0;\" type=\"text\" id=\"fscf_field1_2\" name=\"subject\" value=\"\"  \/>\n    <\/div>\n  <\/div>\n<\/div>\n\n<div id=\"fscf_div_clear1_3\" style=\"clear:both;\">\n  <div id=\"fscf_div_field1_3\" style=\"clear:left; float:left; width:99%; max-width:550px; margin-right:10px;\">\n    <div style=\"text-align:left; padding-top:5px;\">\n      <label style=\"text-align:left;\" for=\"fscf_field1_3\">Votre message:<span style=\"text-align:left;\">*<\/span><\/label>\n    <\/div>\n    <div style=\"text-align:left;\">\n      <textarea style=\"text-align:left; margin:0; width:99%; max-width:400px; height:120px;\" id=\"fscf_field1_3\" name=\"message\" cols=\"30\" rows=\"10\" ><\/textarea>\n    <\/div>\n  <\/div>\n<\/div>\n\n<div id=\"fscf_div_clear1_4\" style=\"clear:both;\">\n  <div id=\"fscf_div_field1_4\" style=\"clear:left; float:left; width:99%; max-width:550px; margin-right:10px;\">\n    <div  id=\"fscf_label1_4\" style=\"text-align:left; padding-top:5px;\">\r\n      <label style=\"text-align:left;\" for=\"fscf_field1_4\">Joindre un fichier :<\/label>\n    <\/div>\n    <div style=\"text-align:left;\">\n      <input style=\"text-align:left; margin:0;\" type=\"file\" id=\"fscf_field1_4\" name=\"joindre-un-fichier\"  size=\"20\" \/><br \/>\n      <span id=\"fscf_hint_file_types1_4\" style=\"font-size:x-small; font-weight:normal;\">Type de fichiers autoris\u00e9s:<br \/>Taille maximum de fichier:<\/span>\n    <\/div>\n  <\/div>\n<\/div>\r\n<div style=\"clear:both;\"><\/div>\n\n<div style=\"text-align:left; padding-top:5px;\">\n<\/div>\n<div id=\"fscf_captcha_image_div1\" style=\"width:250px; height:65px; padding-top:2px;\">\n      <img loading=\"lazy\" decoding=\"async\" id=\"fscf_captcha_image1\" style=\"border-style:none; margin:0; padding:0px; padding-right:5px; float:left;\" src=\"http:\/\/ville-naves.fr\/wp-content\/plugins\/si-contact-form\/captcha\/securimage_show.php?prefix=PH3HwcruJuRsKEJS\" width=\"175\" height=\"60\" alt=\"Image du code de s\u00e9curit\u00e9\" title=\"Image du code de s\u00e9curit\u00e9\" \/>\n      <input id=\"fscf_captcha_prefix1\" type=\"hidden\" name=\"fscf_captcha_prefix1\" value=\"PH3HwcruJuRsKEJS\" \/>\n     <div id=\"fscf_captcha_refresh1\">\n        <a href=\"#\" rel=\"nofollow\" title=\"Rafra\u00eechir\" onclick=\"fscf_captcha_refresh('1','\/wp-content\/plugins\/si-contact-form\/captcha','http:\/\/ville-naves.fr\/wp-content\/plugins\/si-contact-form\/captcha\/securimage_show.php?prefix='); return false;\">\n        <img loading=\"lazy\" decoding=\"async\" src=\"http:\/\/ville-naves.fr\/wp-content\/plugins\/si-contact-form\/captcha\/images\/refresh.png\" width=\"22\" height=\"20\" alt=\"Rafra\u00eechir\" style=\"border-style:none; margin:0; padding:0px; vertical-align:bottom;\" onclick=\"this.blur();\" \/><\/a>\r\n     <\/div>\r\n<\/div>\r\n\r\n<div id=\"fscf_captcha_field1\" style=\"text-align:left; padding-top:5px;\">\r\n     <label style=\"text-align:left;\" for=\"fscf_captcha_code1\">Saisir le code de s\u00e9curit\u00e9:<span style=\"text-align:left;\">*<\/span><\/label>\r\n<\/div>\r\n<div style=\"text-align:left;\">\n     <input style=\"text-align:left; margin:0; width:50px;\" type=\"text\" value=\"\" autocomplete=\"off\" id=\"fscf_captcha_code1\" name=\"captcha_code\"  \/>\n<\/div>\n        \r\n<div style=\"display:none;\">\r\n     <label for=\"city1\"><small>Laisser ce champ vide<\/small><\/label>\r\n     <input type=\"text\" name=\"city\" id=\"city1\" value=\"\" \/>\r\n<\/div>\r\n\n<div id=\"fscf_submit_div1\" style=\"text-align:left; padding-top:2px;\">\r\n\t\t<input type=\"submit\" id=\"fscf_submit1\" style=\"cursor:pointer; margin:0;\" value=\"Envoyer\"  onclick=\"this.disabled=true; this.value='Soumis...'; this.form.submit();\" \/> \n<\/div>\n\n<input type=\"hidden\" name=\"fscf_submitted\" value=\"0\" \/>\n<input type=\"hidden\" name=\"fs_postonce_1\" value=\"a7b4c16c7e2a4c127c77b860bd9231ed,1775658583\" \/>\n<input type=\"hidden\" name=\"si_contact_action\" value=\"send\" \/>\n<input type=\"hidden\" name=\"form_id\" value=\"1\" \/>\n<input type=\"hidden\" name=\"mailto_id\" value=\"1\" \/>\n\n<\/form>\n\n    <p style=\"font-size:x-small; font-weight:normal; padding-top:5px;\">Formulaire g\u00e9n\u00e9r\u00e9 gr\u00e2ce \u00e0 <a href=\"http:\/\/wordpress.org\/extend\/plugins\/si-contact-form\/\" target=\"_blank\">Fast Secure Contact Form<\/a><\/p>\n<\/div>\r\n<div style=\"clear:both;\"><\/div>\n\n<!-- Fast Secure Contact Form plugin 4.0.52 - end - FastSecureContactForm.com -->\n\n\n\n\n<p><\/p>\n<!-- wpsso rrssb get buttons: buttons on archive option not enabled -->\n","protected":false},"excerpt":{"rendered":"<p>Adresse : Mairie de Nav\u00e8s1 Place de la Mairie 81710 NAV\u00c8S T\u00e9l\u00e9phone : 05 63 70 22 18 Horaires d&rsquo;ouverture au public : Secr\u00e9tariat de mairie Matin Apr\u00e8s-midi Lundi 8h00 &#8211; 12h00 &#8211; Mardi 8h00 &#8211; 12h00 15h30 &#8211; 19h00 Mercredi Jeudi &#8211; 13h30 &#8211; 17h30 Vendredi 8h00 &#8211; 12h00 15h30 &#8211; 19h00 Envoyer un [&hellip;]<\/p>\n","protected":false},"author":3,"featured_media":0,"parent":0,"menu_order":99,"comment_status":"closed","ping_status":"open","template":"","meta":{"footnotes":""},"class_list":["post-376","page","type-page","status-publish","hentry"],"_links":{"self":[{"href":"http:\/\/ville-naves.fr\/index.php?rest_route=\/wp\/v2\/pages\/376","targetHints":{"allow":["GET"]}}],"collection":[{"href":"http:\/\/ville-naves.fr\/index.php?rest_route=\/wp\/v2\/pages"}],"about":[{"href":"http:\/\/ville-naves.fr\/index.php?rest_route=\/wp\/v2\/types\/page"}],"author":[{"embeddable":true,"href":"http:\/\/ville-naves.fr\/index.php?rest_route=\/wp\/v2\/users\/3"}],"replies":[{"embeddable":true,"href":"http:\/\/ville-naves.fr\/index.php?rest_route=%2Fwp%2Fv2%2Fcomments&post=376"}],"version-history":[{"count":6,"href":"http:\/\/ville-naves.fr\/index.php?rest_route=\/wp\/v2\/pages\/376\/revisions"}],"predecessor-version":[{"id":4230,"href":"http:\/\/ville-naves.fr\/index.php?rest_route=\/wp\/v2\/pages\/376\/revisions\/4230"}],"wp:attachment":[{"href":"http:\/\/ville-naves.fr\/index.php?rest_route=%2Fwp%2Fv2%2Fmedia&parent=376"}],"curies":[{"name":"wp","href":"https:\/\/api.w.org\/{rel}","templated":true}]}}