{"id":478,"date":"2023-06-13T07:45:41","date_gmt":"2023-06-13T06:45:41","guid":{"rendered":"http:\/\/www.ville-naves.fr\/?page_id=478"},"modified":"2023-06-13T07:45:42","modified_gmt":"2023-06-13T06:45:42","slug":"menus-de-la-cantine","status":"publish","type":"page","link":"http:\/\/ville-naves.fr\/?page_id=478","title":{"rendered":"Menus de la cantine"},"content":{"rendered":"<p style=\"text-align: center;\">Consultez les menus propos\u00e9s \u00e0 vos enfants \u00e0 la cantine<\/p>\n\n\n<div class=\"wp-block-image is-style-default\"><figure class=\"aligncenter size-large is-resized\"><img loading=\"lazy\" decoding=\"async\" src=\"http:\/\/ville-naves.fr\/wp-content\/uploads\/logo-menu-cantine.png\" alt=\"\" class=\"wp-image-3803\" width=\"381\" height=\"159\" srcset=\"http:\/\/ville-naves.fr\/wp-content\/uploads\/logo-menu-cantine.png 649w, http:\/\/ville-naves.fr\/wp-content\/uploads\/logo-menu-cantine-300x126.png 300w\" sizes=\"auto, (max-width: 381px) 100vw, 381px\" \/><\/figure><\/div>\n\n\n\n<div class=\"wp-block-file\"><\/div>\n\n\n\n<div class=\"wp-block-file alignright\"><a href=\"http:\/\/ville-naves.fr\/wp-content\/uploads\/2023-25.pdf\" target=\"_blank\" rel=\"noreferrer noopener\"><img loading=\"lazy\" decoding=\"async\" width=\"20\" height=\"20\" class=\"wp-image-3588\" style=\"width: 20px;\" src=\"http:\/\/ville-naves.fr\/wp-content\/uploads\/application_pdf.png\" alt=\"\"> Menus cantine du 19 au 23 juin<\/a><\/div>\n\n\n\n<div class=\"wp-block-file\"><a href=\"http:\/\/ville-naves.fr\/wp-content\/uploads\/2023-24.pdf\" target=\"_blank\" rel=\"noreferrer noopener\"><img loading=\"lazy\" decoding=\"async\" width=\"20\" height=\"20\" class=\"wp-image-3588\" style=\"width: 20px;\" src=\"http:\/\/ville-naves.fr\/wp-content\/uploads\/application_pdf.png\" alt=\"\"> Menus cantine du 12 au 16 juin<\/a><\/div>\n\n\n\n<p><\/p>\n\n\n\n<p class=\"has-text-align-center\"><a href=\"http:\/\/ville-naves.fr\/?p=4157\" target=\"_blank\" rel=\"noreferrer noopener\"><img loading=\"lazy\" decoding=\"async\" width=\"20\" height=\"20\" class=\"wp-image-3627\" style=\"width: 20px;\" src=\"http:\/\/ville-naves.fr\/wp-content\/uploads\/hyperlink.png\" alt=\"\" srcset=\"http:\/\/ville-naves.fr\/wp-content\/uploads\/hyperlink.png 512w, http:\/\/ville-naves.fr\/wp-content\/uploads\/hyperlink-300x300.png 300w\" sizes=\"auto, (max-width: 20px) 100vw, 20px\" \/>Information sur les tarifs<\/a><\/p>\n<!-- wpsso rrssb get buttons: buttons on archive option not enabled -->\n","protected":false},"excerpt":{"rendered":"<p>Consultez les menus propos\u00e9s \u00e0 vos enfants \u00e0 la cantine Information sur les tarifs<\/p>\n","protected":false},"author":5,"featured_media":0,"parent":0,"menu_order":0,"comment_status":"closed","ping_status":"open","template":"","meta":{"footnotes":""},"class_list":["post-478","page","type-page","status-publish","hentry"],"_links":{"self":[{"href":"http:\/\/ville-naves.fr\/index.php?rest_route=\/wp\/v2\/pages\/478","targetHints":{"allow":["GET"]}}],"collection":[{"href":"http:\/\/ville-naves.fr\/index.php?rest_route=\/wp\/v2\/pages"}],"about":[{"href":"http:\/\/ville-naves.fr\/index.php?rest_route=\/wp\/v2\/types\/page"}],"author":[{"embeddable":true,"href":"http:\/\/ville-naves.fr\/index.php?rest_route=\/wp\/v2\/users\/5"}],"replies":[{"embeddable":true,"href":"http:\/\/ville-naves.fr\/index.php?rest_route=%2Fwp%2Fv2%2Fcomments&post=478"}],"version-history":[{"count":233,"href":"http:\/\/ville-naves.fr\/index.php?rest_route=\/wp\/v2\/pages\/478\/revisions"}],"predecessor-version":[{"id":4335,"href":"http:\/\/ville-naves.fr\/index.php?rest_route=\/wp\/v2\/pages\/478\/revisions\/4335"}],"wp:attachment":[{"href":"http:\/\/ville-naves.fr\/index.php?rest_route=%2Fwp%2Fv2%2Fmedia&parent=478"}],"curies":[{"name":"wp","href":"https:\/\/api.w.org\/{rel}","templated":true}]}}