{"id":517,"date":"2022-08-30T18:00:00","date_gmt":"2022-08-30T17:00:00","guid":{"rendered":"http:\/\/www.ville-naves.fr\/?page_id=517"},"modified":"2023-08-31T15:24:24","modified_gmt":"2023-08-31T14:24:24","slug":"quelques-dates-a-retenir","status":"publish","type":"page","link":"http:\/\/ville-naves.fr\/?page_id=517","title":{"rendered":"Quelques dates \u00e0 retenir pour l&rsquo;\u00e9cole"},"content":{"rendered":"<ul>\n<li style=\"font-weight: 400;\"><b>Photos de classe : <\/b>vendredi 08 septembre 2023<span style=\"font-weight: 400;\">, en partenariat avec Photo Price<\/span><\/li>\n<li><b>R\u00e9union de rentr\u00e9e\u00a0:<\/b> lundi 11 septembre 2023<\/li>\n<li><strong>\u00c9lections repr\u00e9sentants parents d&rsquo;\u00e9l\u00e8ves :<\/strong> vendredi 13 octobre 2023<\/li>\n<li><b>Cross de l\u2019\u00e9cole (association ELA) : <\/b>mardi 17 octobre 2023<\/li>\n<li><b>Loto : <\/b><span style=\"font-weight: 400;\"><br \/>\n<\/span><\/li>\n<li><b>Spectacle de No\u00ebl\u00a0:<\/b><span style=\"font-weight: 400;\"> vendredi 22 d\u00e9cembre 2023<\/span><\/li>\n<li style=\"font-weight: 400;\"><b>Carnaval\u00a0:<\/b><span style=\"font-weight: 400;\"> vendredi 05 avril 2023<\/span><span style=\"font-weight: 400;\"><br \/>\n<\/span><\/li>\n<li style=\"font-weight: 400;\"><b>F\u00eate de l\u2019\u00e9cole\u00a0:\u00a0<\/b><\/li>\n<li style=\"font-weight: 400;\"><b>Conseils d\u2019\u00e9cole\u00a0:<\/b><span style=\"font-weight: 400;\"> mardi 07 novembre 2023 \u2013 vendredi 01 mars 2024 \u2013 lundi 24 juin 2024<\/span><\/li>\n<\/ul>\n<p><span style=\"font-family: Times New Roman, serif;\"><span style=\"font-size: medium;\"><i>N.B. : Une modification peut toujours intervenir dans ce calendrier<\/i><\/span><\/span><\/p>\n<!-- wpsso rrssb get buttons: buttons on archive option not enabled -->\n","protected":false},"excerpt":{"rendered":"<p>Photos de classe : vendredi 08 septembre 2023, en partenariat avec Photo Price R\u00e9union de rentr\u00e9e\u00a0: lundi 11 septembre 2023 \u00c9lections repr\u00e9sentants parents d&rsquo;\u00e9l\u00e8ves : vendredi 13 octobre 2023 Cross de l\u2019\u00e9cole (association ELA) : mardi 17 octobre 2023 Loto : Spectacle de No\u00ebl\u00a0: vendredi 22 d\u00e9cembre 2023 Carnaval\u00a0: vendredi 05 avril 2023 F\u00eate de [&hellip;]<\/p>\n","protected":false},"author":6,"featured_media":0,"parent":0,"menu_order":0,"comment_status":"closed","ping_status":"open","template":"","meta":{"footnotes":""},"class_list":["post-517","page","type-page","status-publish","hentry"],"_links":{"self":[{"href":"http:\/\/ville-naves.fr\/index.php?rest_route=\/wp\/v2\/pages\/517","targetHints":{"allow":["GET"]}}],"collection":[{"href":"http:\/\/ville-naves.fr\/index.php?rest_route=\/wp\/v2\/pages"}],"about":[{"href":"http:\/\/ville-naves.fr\/index.php?rest_route=\/wp\/v2\/types\/page"}],"author":[{"embeddable":true,"href":"http:\/\/ville-naves.fr\/index.php?rest_route=\/wp\/v2\/users\/6"}],"replies":[{"embeddable":true,"href":"http:\/\/ville-naves.fr\/index.php?rest_route=%2Fwp%2Fv2%2Fcomments&post=517"}],"version-history":[{"count":27,"href":"http:\/\/ville-naves.fr\/index.php?rest_route=\/wp\/v2\/pages\/517\/revisions"}],"predecessor-version":[{"id":4373,"href":"http:\/\/ville-naves.fr\/index.php?rest_route=\/wp\/v2\/pages\/517\/revisions\/4373"}],"wp:attachment":[{"href":"http:\/\/ville-naves.fr\/index.php?rest_route=%2Fwp%2Fv2%2Fmedia&parent=517"}],"curies":[{"name":"wp","href":"https:\/\/api.w.org\/{rel}","templated":true}]}}