{"id":2301,"date":"2021-01-30T11:10:00","date_gmt":"2021-01-30T10:10:00","guid":{"rendered":"http:\/\/www.ville-naves.fr\/?page_id=2301"},"modified":"2021-03-15T21:46:44","modified_gmt":"2021-03-15T20:46:44","slug":"2301-2","status":"publish","type":"page","link":"https:\/\/ville-naves.fr\/?page_id=2301","title":{"rendered":"Le mot du Maire &#8211; Janvier 2021"},"content":{"rendered":"<figure id=\"attachment_3408\" aria-describedby=\"caption-attachment-3408\" style=\"width: 181px\" class=\"wp-caption alignleft\"><img loading=\"lazy\" decoding=\"async\" class=\"wp-image-3408 size-full\" title=\"Pierre CALMELS, Maire de Nav\u00e8s\" src=\"http:\/\/ville-naves.fr\/wp-content\/uploads\/Pierre-Calmels.jpg\" alt=\"\" width=\"181\" height=\"234\" srcset=\"https:\/\/ville-naves.fr\/wp-content\/uploads\/Pierre-Calmels.jpg 181w, https:\/\/ville-naves.fr\/wp-content\/uploads\/Pierre-Calmels-155x200.jpg 155w\" sizes=\"auto, (max-width: 181px) 100vw, 181px\" \/><figcaption id=\"caption-attachment-3408\" class=\"wp-caption-text\">Pierre CALMELS, Maire de Nav\u00e8s<\/figcaption><\/figure>\n<p style=\"text-align: left;\">Cette ann\u00e9e 2020 vient de se terminer. Elle aura \u00e9t\u00e9 compliqu\u00e9e et usante pour nous tous.<\/p>\n<p style=\"text-align: left;\">Je souhaite apporter toute ma solidarit\u00e9 \u00e0 toutes celles et ceux qui auront \u00e9t\u00e9 touch\u00e9s par cette crise sanitaire. Une pens\u00e9e \u00e9galement pour ceux qui nous ont quitt\u00e9s et dont les c\u00e9r\u00e9monies d\u2019accompagnement n\u2019auront pu se tenir normalement afin de leur rendre ce dernier hommage si cher aux familles. Une pens\u00e9e aussi pour tous les Navessols qui ont \u00e9t\u00e9 atteints par ce virus en leur souhaitant de se remettre rapidement.<\/p>\n<p style=\"text-align: left;\">Notre d\u00e9but de mandat, tr\u00e8s impact\u00e9 par cette maladie, ne nous aura pas permis de vous rencontrer afin de partager et \u00e9changer lors de moments de convivialit\u00e9, de bonheur d\u2019\u00eatre ensemble lors de moments festifs et associatifs, comme nous en avions tant l\u2019habitude et qui font la richesse de notre village.<\/p>\n<p style=\"text-align: left;\">L\u2019\u00e9quipe en place a tenu \u00e0 maintenir ces moments mais de mani\u00e8re diff\u00e9rente. En allant \u00e0 la rencontre de nos a\u00een\u00e9s, cet \u00e9t\u00e9 puis en fin d\u2019ann\u00e9e, en leur apportant \u00e0 domicile le repas des a\u00een\u00e9s qui n\u2019avait pu \u00eatre organis\u00e9. En pr\u00e9parant une \u00ab Fabounade \u00bb \u00e0 emporter \u00e0 l\u2019occasion du t\u00e9l\u00e9thon 2020. Je profite de cette occasion pour remercier toutes les personnes qui ont particip\u00e9 \u00e0 cette animation sous le couvert de la MJC.<\/p>\n<p style=\"text-align: left;\">Les travaux de la nouvelle mairie un temps perturb\u00e9s par ce d\u00e9but de crise sanitaire, se poursuivent sur un rythme soutenu. Les autres projets ont \u00e9t\u00e9 mis en attente durant cette fin d\u2019ann\u00e9e, mais se r\u00e9aliseront en 2021.<\/p>\n<p style=\"text-align: center;\"><em><strong>Que vous souhaiter de mieux qu\u2019une parfaite sant\u00e9 pour vous<\/strong><\/em><br \/>\n<em><strong>et vos proches.<\/strong><\/em><br \/>\n<em><strong>De la prosp\u00e9rit\u00e9 et de la passion, dans vos activt\u00e9s.<\/strong><\/em><br \/>\n<em><strong>De la convivialit\u00e9 retrouv\u00e9e.<\/strong><\/em><br \/>\n<em><strong>Et de l\u2019amour autour de vous tout au long de l\u2019ann\u00e9e.<\/strong><\/em><br \/>\n<em><strong>Avec la volont\u00e9 et le plaisir de nous retrouver lors de moments partag\u00e9s.<\/strong><\/em><br \/>\n<em><strong>Bonne et heureuse ann\u00e9e 2021.<\/strong><\/em><\/p>\n<!-- wpsso rrssb get buttons: buttons on archive option not enabled -->\n","protected":false},"excerpt":{"rendered":"<p>Cette ann\u00e9e 2020 vient de se terminer. Elle aura \u00e9t\u00e9 compliqu\u00e9e et usante pour nous tous. Je souhaite apporter toute ma solidarit\u00e9 \u00e0 toutes celles et ceux qui auront \u00e9t\u00e9 touch\u00e9s par cette crise sanitaire. Une pens\u00e9e \u00e9galement pour ceux qui nous ont quitt\u00e9s et dont les c\u00e9r\u00e9monies d\u2019accompagnement n\u2019auront pu se tenir normalement afin [&hellip;]<\/p>\n","protected":false},"author":3,"featured_media":0,"parent":0,"menu_order":0,"comment_status":"closed","ping_status":"closed","template":"","meta":{"footnotes":""},"class_list":["post-2301","page","type-page","status-publish","hentry"],"_links":{"self":[{"href":"https:\/\/ville-naves.fr\/index.php?rest_route=\/wp\/v2\/pages\/2301","targetHints":{"allow":["GET"]}}],"collection":[{"href":"https:\/\/ville-naves.fr\/index.php?rest_route=\/wp\/v2\/pages"}],"about":[{"href":"https:\/\/ville-naves.fr\/index.php?rest_route=\/wp\/v2\/types\/page"}],"author":[{"embeddable":true,"href":"https:\/\/ville-naves.fr\/index.php?rest_route=\/wp\/v2\/users\/3"}],"replies":[{"embeddable":true,"href":"https:\/\/ville-naves.fr\/index.php?rest_route=%2Fwp%2Fv2%2Fcomments&post=2301"}],"version-history":[{"count":24,"href":"https:\/\/ville-naves.fr\/index.php?rest_route=\/wp\/v2\/pages\/2301\/revisions"}],"predecessor-version":[{"id":3730,"href":"https:\/\/ville-naves.fr\/index.php?rest_route=\/wp\/v2\/pages\/2301\/revisions\/3730"}],"wp:attachment":[{"href":"https:\/\/ville-naves.fr\/index.php?rest_route=%2Fwp%2Fv2%2Fmedia&parent=2301"}],"curies":[{"name":"wp","href":"https:\/\/api.w.org\/{rel}","templated":true}]}}